{"id":12208,"date":"2025-01-03T10:29:09","date_gmt":"2025-01-03T10:29:09","guid":{"rendered":"https:\/\/elittesofa.mk\/product\/12208\/"},"modified":"2026-02-23T14:36:12","modified_gmt":"2026-02-23T13:36:12","slug":"12208","status":"publish","type":"product","link":"https:\/\/elittesofa.mk\/sq\/produkti\/12208\/","title":{"rendered":""},"content":{"rendered":"<div class=\"wpb-content-wrapper\"><p>[vc_row][vc_column][vc_column_text css=&#8221;&#8221; woodmart_inline=&#8221;no&#8221; text_larger=&#8221;no&#8221;]<\/p>\n<p data-start=\"53\" data-end=\"351\">Me dizajnin e tij t\u00eb thjesht\u00eb, por t\u00ebrheq\u00ebs, ky shtrat karakterizohet nga linja t\u00eb pastra q\u00eb i japin pamje minimaliste, por megjithat\u00eb elegante. Tapiceria q\u00eb mund t\u00eb hiqet dhe t\u00eb lahet ofron praktikitet dhe higjien\u00eb, nd\u00ebrsa hap\u00ebsira n\u00ebn dyshek siguron vend t\u00eb bollsh\u00ebm p\u00ebr ruajtje t\u00eb sendeve tuaja.<\/p>\n<p data-start=\"353\" data-end=\"644\">Pavar\u00ebsisht n\u00ebse vendoset n\u00eb nj\u00eb dhom\u00eb gjumi t\u00eb vog\u00ebl apo t\u00eb madhe, ky shtrat sjell ndjenj\u00eb rehatie dhe e rrit funksionalitetin e ambientit tuaj. Krijoni nj\u00eb vend komod dhe modern p\u00ebr pushim dhe relaks me nj\u00eb shtrat q\u00eb i p\u00ebrmbush n\u00eb m\u00ebnyr\u00eb t\u00eb p\u00ebrkryer nevojat dhe preferencat tuaja estetike.<\/p>\n<p data-start=\"646\" data-end=\"961\">Shtrati vjen me latofleks elastik q\u00eb ofron rehati gjat\u00eb p\u00ebrdorimit dhe \u00ebsht\u00eb kompatibil me t\u00eb gjitha llojet e dyshek\u00ebve me baz\u00eb shkumore. Latofleksi gjithashtu mund\u00ebson qarkullim ajri p\u00ebrmes dyshekut, duke e mbrojtur at\u00eb nga lag\u00ebshtia dhe myku. Ka mekanizma p\u00ebr ngritje dhe hap\u00ebsir\u00eb t\u00eb madhe p\u00ebr ruajtje n\u00ebn dyshek.<\/p>\n<p data-start=\"963\" data-end=\"1041\">Shtrati ELLY mund t\u00eb porositet sipas p\u00ebrmasave tuaja, si shtrat tek apo dopio.<\/p>\n<p data-start=\"1043\" data-end=\"1128\"><strong data-start=\"1043\" data-end=\"1079\">P\u00ebrmasat e brendshme p\u00ebr dyshek:<\/strong><br data-start=\"1079\" data-end=\"1082\" \/>120&#215;200, 140&#215;200, 160&#215;200, 180&#215;200, 200&#215;200 cm<\/p>\n<p data-start=\"1130\" data-end=\"1236\"><strong data-start=\"1130\" data-end=\"1165\">P\u00ebrmasat e jashtme t\u00eb shtratit:<\/strong><br data-start=\"1165\" data-end=\"1168\" \/>145&#215;230, 165&#215;230, 185&#215;230, 205&#215;230, 235&#215;230 cm<br data-start=\"1214\" data-end=\"1217\" \/><strong data-start=\"1217\" data-end=\"1230\">Lart\u00ebsia:<\/strong> 95 cm<\/p>\n<p>[\/vc_column_text][\/vc_column][\/vc_row]<\/p>\n<\/div>","protected":false},"excerpt":{"rendered":"<p>Me dizajnin e tij t\u00eb thjesht\u00eb, por t\u00ebrheq\u00ebs, ky shtrat karakterizohet nga linja t\u00eb pastra q\u00eb i japin pamje minimaliste, por megjithat\u00eb elegante.<\/p>\n","protected":false},"featured_media":13098,"template":"","meta":[],"product_brand":[],"product_cat":[407,101],"product_tag":[],"class_list":{"0":"post-12208","1":"product","2":"type-product","3":"status-publish","4":"has-post-thumbnail","6":"product_cat-krevate-dopio","7":"product_cat-shtreter","9":"first","10":"instock","11":"shipping-taxable","12":"purchasable","13":"product-type-variable"},"yoast_head":"<!-- This site is optimized with the Yoast SEO plugin v27.4 - https:\/\/yoast.com\/product\/yoast-seo-wordpress\/ -->\n<title>- Elitte Sofa<\/title>\n<meta name=\"robots\" content=\"index, follow, max-snippet:-1, max-image-preview:large, max-video-preview:-1\" \/>\n<link rel=\"canonical\" href=\"https:\/\/elittesofa.mk\/sq\/produkti\/12208\/\" \/>\n<meta property=\"og:locale\" content=\"sq_AL\" \/>\n<meta property=\"og:type\" content=\"article\" \/>\n<meta property=\"og:title\" content=\"- Elitte Sofa\" \/>\n<meta property=\"og:description\" content=\"Me dizajnin e tij t\u00eb thjesht\u00eb, por t\u00ebrheq\u00ebs, ky shtrat karakterizohet nga linja t\u00eb pastra q\u00eb i japin pamje minimaliste, por megjithat\u00eb elegante.\" \/>\n<meta property=\"og:url\" content=\"https:\/\/elittesofa.mk\/sq\/produkti\/12208\/\" \/>\n<meta property=\"og:site_name\" content=\"Elitte Sofa\" \/>\n<meta property=\"article:publisher\" content=\"https:\/\/www.facebook.com\/elittesofa\" \/>\n<meta property=\"article:modified_time\" content=\"2026-02-23T13:36:12+00:00\" \/>\n<meta property=\"og:image\" content=\"https:\/\/elittesofa.mk\/wp-content\/uploads\/2025\/01\/emabed-m.jpg\" \/>\n\t<meta property=\"og:image:width\" content=\"1290\" \/>\n\t<meta property=\"og:image:height\" content=\"1260\" \/>\n\t<meta property=\"og:image:type\" content=\"image\/jpeg\" \/>\n<meta name=\"twitter:card\" content=\"summary_large_image\" \/>\n<meta name=\"twitter:label1\" content=\"Est. reading time\" \/>\n\t<meta name=\"twitter:data1\" content=\"1 minute\" \/>\n<script type=\"application\/ld+json\" class=\"yoast-schema-graph\">{\"@context\":\"https:\\\/\\\/schema.org\",\"@graph\":[{\"@type\":\"WebPage\",\"@id\":\"https:\\\/\\\/elittesofa.mk\\\/sq\\\/produkti\\\/12208\\\/\",\"url\":\"https:\\\/\\\/elittesofa.mk\\\/sq\\\/produkti\\\/12208\\\/\",\"name\":\"- Elitte Sofa\",\"isPartOf\":{\"@id\":\"https:\\\/\\\/elittesofa.mk\\\/sq\\\/#website\"},\"primaryImageOfPage\":{\"@id\":\"https:\\\/\\\/elittesofa.mk\\\/sq\\\/produkti\\\/12208\\\/#primaryimage\"},\"image\":{\"@id\":\"https:\\\/\\\/elittesofa.mk\\\/sq\\\/produkti\\\/12208\\\/#primaryimage\"},\"thumbnailUrl\":\"https:\\\/\\\/elittesofa.mk\\\/wp-content\\\/uploads\\\/2025\\\/01\\\/91038D4E-2A89-4C51-B002-70812F15674C.jpg\",\"datePublished\":\"2025-01-03T10:29:09+00:00\",\"dateModified\":\"2026-02-23T13:36:12+00:00\",\"breadcrumb\":{\"@id\":\"https:\\\/\\\/elittesofa.mk\\\/sq\\\/produkti\\\/12208\\\/#breadcrumb\"},\"inLanguage\":\"sq-AL\",\"potentialAction\":[{\"@type\":\"ReadAction\",\"target\":[\"https:\\\/\\\/elittesofa.mk\\\/sq\\\/produkti\\\/12208\\\/\"]}]},{\"@type\":\"ImageObject\",\"inLanguage\":\"sq-AL\",\"@id\":\"https:\\\/\\\/elittesofa.mk\\\/sq\\\/produkti\\\/12208\\\/#primaryimage\",\"url\":\"https:\\\/\\\/elittesofa.mk\\\/wp-content\\\/uploads\\\/2025\\\/01\\\/91038D4E-2A89-4C51-B002-70812F15674C.jpg\",\"contentUrl\":\"https:\\\/\\\/elittesofa.mk\\\/wp-content\\\/uploads\\\/2025\\\/01\\\/91038D4E-2A89-4C51-B002-70812F15674C.jpg\",\"width\":1024,\"height\":1536},{\"@type\":\"BreadcrumbList\",\"@id\":\"https:\\\/\\\/elittesofa.mk\\\/sq\\\/produkti\\\/12208\\\/#breadcrumb\",\"itemListElement\":[{\"@type\":\"ListItem\",\"position\":1,\"name\":\"Home\",\"item\":\"https:\\\/\\\/elittesofa.mk\\\/sq\\\/\"},{\"@type\":\"ListItem\",\"position\":2,\"name\":\"Shop\",\"item\":\"https:\\\/\\\/elittesofa.mk\\\/sq\\\/shop-2\\\/\"}]},{\"@type\":\"WebSite\",\"@id\":\"https:\\\/\\\/elittesofa.mk\\\/sq\\\/#website\",\"url\":\"https:\\\/\\\/elittesofa.mk\\\/sq\\\/\",\"name\":\"Elitte Sofa\",\"description\":\"Per Tutta La Vita\",\"publisher\":{\"@id\":\"https:\\\/\\\/elittesofa.mk\\\/sq\\\/#organization\"},\"potentialAction\":[{\"@type\":\"SearchAction\",\"target\":{\"@type\":\"EntryPoint\",\"urlTemplate\":\"https:\\\/\\\/elittesofa.mk\\\/sq\\\/?s={search_term_string}\"},\"query-input\":{\"@type\":\"PropertyValueSpecification\",\"valueRequired\":true,\"valueName\":\"search_term_string\"}}],\"inLanguage\":\"sq-AL\"},{\"@type\":\"Organization\",\"@id\":\"https:\\\/\\\/elittesofa.mk\\\/sq\\\/#organization\",\"name\":\"Elitte Sofa\",\"url\":\"https:\\\/\\\/elittesofa.mk\\\/sq\\\/\",\"logo\":{\"@type\":\"ImageObject\",\"inLanguage\":\"sq-AL\",\"@id\":\"https:\\\/\\\/elittesofa.mk\\\/sq\\\/#\\\/schema\\\/logo\\\/image\\\/\",\"url\":\"https:\\\/\\\/elittesofa.mk\\\/wp-content\\\/uploads\\\/2024\\\/05\\\/ElitteSOFA-logo.png\",\"contentUrl\":\"https:\\\/\\\/elittesofa.mk\\\/wp-content\\\/uploads\\\/2024\\\/05\\\/ElitteSOFA-logo.png\",\"width\":1340,\"height\":417,\"caption\":\"Elitte Sofa\"},\"image\":{\"@id\":\"https:\\\/\\\/elittesofa.mk\\\/sq\\\/#\\\/schema\\\/logo\\\/image\\\/\"},\"sameAs\":[\"https:\\\/\\\/www.facebook.com\\\/elittesofa\",\"https:\\\/\\\/www.instagram.com\\\/elitte_sofa\\\/\"]}]}<\/script>\n<!-- \/ Yoast SEO plugin. -->","yoast_head_json":{"title":"- Elitte Sofa","robots":{"index":"index","follow":"follow","max-snippet":"max-snippet:-1","max-image-preview":"max-image-preview:large","max-video-preview":"max-video-preview:-1"},"canonical":"https:\/\/elittesofa.mk\/sq\/produkti\/12208\/","og_locale":"sq_AL","og_type":"article","og_title":"- Elitte Sofa","og_description":"Me dizajnin e tij t\u00eb thjesht\u00eb, por t\u00ebrheq\u00ebs, ky shtrat karakterizohet nga linja t\u00eb pastra q\u00eb i japin pamje minimaliste, por megjithat\u00eb elegante.","og_url":"https:\/\/elittesofa.mk\/sq\/produkti\/12208\/","og_site_name":"Elitte Sofa","article_publisher":"https:\/\/www.facebook.com\/elittesofa","article_modified_time":"2026-02-23T13:36:12+00:00","og_image":[{"width":1290,"height":1260,"url":"https:\/\/elittesofa.mk\/wp-content\/uploads\/2025\/01\/emabed-m.jpg","type":"image\/jpeg"}],"twitter_card":"summary_large_image","twitter_misc":{"Est. reading time":"1 minute"},"schema":{"@context":"https:\/\/schema.org","@graph":[{"@type":"WebPage","@id":"https:\/\/elittesofa.mk\/sq\/produkti\/12208\/","url":"https:\/\/elittesofa.mk\/sq\/produkti\/12208\/","name":"- Elitte Sofa","isPartOf":{"@id":"https:\/\/elittesofa.mk\/sq\/#website"},"primaryImageOfPage":{"@id":"https:\/\/elittesofa.mk\/sq\/produkti\/12208\/#primaryimage"},"image":{"@id":"https:\/\/elittesofa.mk\/sq\/produkti\/12208\/#primaryimage"},"thumbnailUrl":"https:\/\/elittesofa.mk\/wp-content\/uploads\/2025\/01\/91038D4E-2A89-4C51-B002-70812F15674C.jpg","datePublished":"2025-01-03T10:29:09+00:00","dateModified":"2026-02-23T13:36:12+00:00","breadcrumb":{"@id":"https:\/\/elittesofa.mk\/sq\/produkti\/12208\/#breadcrumb"},"inLanguage":"sq-AL","potentialAction":[{"@type":"ReadAction","target":["https:\/\/elittesofa.mk\/sq\/produkti\/12208\/"]}]},{"@type":"ImageObject","inLanguage":"sq-AL","@id":"https:\/\/elittesofa.mk\/sq\/produkti\/12208\/#primaryimage","url":"https:\/\/elittesofa.mk\/wp-content\/uploads\/2025\/01\/91038D4E-2A89-4C51-B002-70812F15674C.jpg","contentUrl":"https:\/\/elittesofa.mk\/wp-content\/uploads\/2025\/01\/91038D4E-2A89-4C51-B002-70812F15674C.jpg","width":1024,"height":1536},{"@type":"BreadcrumbList","@id":"https:\/\/elittesofa.mk\/sq\/produkti\/12208\/#breadcrumb","itemListElement":[{"@type":"ListItem","position":1,"name":"Home","item":"https:\/\/elittesofa.mk\/sq\/"},{"@type":"ListItem","position":2,"name":"Shop","item":"https:\/\/elittesofa.mk\/sq\/shop-2\/"}]},{"@type":"WebSite","@id":"https:\/\/elittesofa.mk\/sq\/#website","url":"https:\/\/elittesofa.mk\/sq\/","name":"Elitte Sofa","description":"Per Tutta La Vita","publisher":{"@id":"https:\/\/elittesofa.mk\/sq\/#organization"},"potentialAction":[{"@type":"SearchAction","target":{"@type":"EntryPoint","urlTemplate":"https:\/\/elittesofa.mk\/sq\/?s={search_term_string}"},"query-input":{"@type":"PropertyValueSpecification","valueRequired":true,"valueName":"search_term_string"}}],"inLanguage":"sq-AL"},{"@type":"Organization","@id":"https:\/\/elittesofa.mk\/sq\/#organization","name":"Elitte Sofa","url":"https:\/\/elittesofa.mk\/sq\/","logo":{"@type":"ImageObject","inLanguage":"sq-AL","@id":"https:\/\/elittesofa.mk\/sq\/#\/schema\/logo\/image\/","url":"https:\/\/elittesofa.mk\/wp-content\/uploads\/2024\/05\/ElitteSOFA-logo.png","contentUrl":"https:\/\/elittesofa.mk\/wp-content\/uploads\/2024\/05\/ElitteSOFA-logo.png","width":1340,"height":417,"caption":"Elitte Sofa"},"image":{"@id":"https:\/\/elittesofa.mk\/sq\/#\/schema\/logo\/image\/"},"sameAs":["https:\/\/www.facebook.com\/elittesofa","https:\/\/www.instagram.com\/elitte_sofa\/"]}]}},"_links":{"self":[{"href":"https:\/\/elittesofa.mk\/sq\/wp-json\/wp\/v2\/product\/12208","targetHints":{"allow":["GET"]}}],"collection":[{"href":"https:\/\/elittesofa.mk\/sq\/wp-json\/wp\/v2\/product"}],"about":[{"href":"https:\/\/elittesofa.mk\/sq\/wp-json\/wp\/v2\/types\/product"}],"wp:featuredmedia":[{"embeddable":true,"href":"https:\/\/elittesofa.mk\/sq\/wp-json\/wp\/v2\/media\/13098"}],"wp:attachment":[{"href":"https:\/\/elittesofa.mk\/sq\/wp-json\/wp\/v2\/media?parent=12208"}],"wp:term":[{"taxonomy":"product_brand","embeddable":true,"href":"https:\/\/elittesofa.mk\/sq\/wp-json\/wp\/v2\/product_brand?post=12208"},{"taxonomy":"product_cat","embeddable":true,"href":"https:\/\/elittesofa.mk\/sq\/wp-json\/wp\/v2\/product_cat?post=12208"},{"taxonomy":"product_tag","embeddable":true,"href":"https:\/\/elittesofa.mk\/sq\/wp-json\/wp\/v2\/product_tag?post=12208"}],"curies":[{"name":"wp","href":"https:\/\/api.w.org\/{rel}","templated":true}]}}