{"id":12280,"date":"2025-01-22T14:30:41","date_gmt":"2025-01-22T14:30:41","guid":{"rendered":"https:\/\/elittesofa.mk\/product\/marisa\/"},"modified":"2025-08-07T11:08:24","modified_gmt":"2025-08-07T10:08:24","slug":"marisa","status":"publish","type":"product","link":"https:\/\/elittesofa.mk\/sq\/produkti\/marisa\/","title":{"rendered":"Marisa Tek"},"content":{"rendered":"<p data-start=\"29\" data-end=\"492\">Krevat tek me dizajn ultra-modern dhe funksional \u00ebsht\u00eb zgjedhje ideale p\u00ebr dhomat e f\u00ebmij\u00ebve dhe adoleshent\u00ebve, duke kombinuar estetik\u00ebn, sigurin\u00eb dhe praktik\u00ebn. \u00cbsht\u00eb i punuar nga materiale cil\u00ebsore q\u00eb sigurojn\u00eb q\u00ebndrueshm\u00ebri dhe stabilitet. Mekanizmi i latojve garanton mb\u00ebshtetje optimale p\u00ebr dyshekun dhe gjum\u00eb t\u00eb sigurt, nd\u00ebrsa hap\u00ebsira e bollshme posht\u00eb dyshekut ofron zgjidhje ideale p\u00ebr ruajtjen e librave, lodrave, rrobave apo sendeve t\u00eb tjera personale.<\/p>\n<p data-start=\"494\" data-end=\"852\">Krevati \u00ebsht\u00eb i tapicuar me materiale antibakteriale dhe antialergjike, q\u00eb e b\u00ebjn\u00eb t\u00eb sigurt p\u00ebr f\u00ebmij\u00ebt dhe adoleshent\u00ebt, duke u ofruar nj\u00eb ambient t\u00eb past\u00ebr dhe t\u00eb sh\u00ebndetsh\u00ebm p\u00ebr gjum\u00eb. P\u00ebrve\u00e7 k\u00ebsaj, struktura e krevatit \u00ebsht\u00eb e mbyllur nga t\u00eb dyja an\u00ebt, duke ofruar mbrojtje shtes\u00eb, parandalon goditjet e papritura dhe krijon ndjenj\u00eb sigurie dhe rehatie.<\/p>\n<p data-start=\"854\" data-end=\"1106\" data-is-last-node=\"\" data-is-only-node=\"\">Ky krevat \u00ebsht\u00eb nj\u00eb zgjidhje e shk\u00eblqyer dhe afatgjat\u00eb p\u00ebr mobilimin e nj\u00eb dhome teke, p\u00ebrshtatet n\u00eb m\u00ebnyr\u00eb t\u00eb p\u00ebrkryer me hap\u00ebsirat moderne t\u00eb f\u00ebmij\u00ebve dhe adoleshent\u00ebve, dhe ofron funksionalitet dhe stil q\u00eb plot\u00ebson nevojat n\u00eb rritje t\u00eb f\u00ebmij\u00ebs suaj.<\/p>\n","protected":false},"excerpt":{"rendered":"<p>Krevat tek me dizajn ultra-modern dhe funksional \u00ebsht\u00eb zgjedhje ideale p\u00ebr dhomat e f\u00ebmij\u00ebve dhe adoleshent\u00ebve, duke kombinuar estetik\u00ebn, sigurin\u00eb dhe praktik\u00ebn.<\/p>\n","protected":false},"featured_media":11288,"template":"","meta":[],"product_brand":[],"product_cat":[408,101],"product_tag":[],"class_list":{"0":"post-12280","1":"product","2":"type-product","3":"status-publish","4":"has-post-thumbnail","6":"product_cat-krevat-tek","7":"product_cat-shtreter","9":"first","10":"instock","11":"shipping-taxable","12":"purchasable","13":"product-type-variable"},"yoast_head":"<!-- This site is optimized with the Yoast SEO plugin v27.4 - https:\/\/yoast.com\/product\/yoast-seo-wordpress\/ -->\n<title>Marisa Tek - Elitte Sofa<\/title>\n<meta name=\"robots\" content=\"index, follow, max-snippet:-1, max-image-preview:large, max-video-preview:-1\" \/>\n<link rel=\"canonical\" href=\"https:\/\/elittesofa.mk\/sq\/produkti\/marisa\/\" \/>\n<meta property=\"og:locale\" content=\"sq_AL\" \/>\n<meta property=\"og:type\" content=\"article\" \/>\n<meta property=\"og:title\" content=\"Marisa Tek - Elitte Sofa\" \/>\n<meta property=\"og:description\" content=\"Krevat tek me dizajn ultra-modern dhe funksional \u00ebsht\u00eb zgjedhje ideale p\u00ebr dhomat e f\u00ebmij\u00ebve dhe adoleshent\u00ebve, duke kombinuar estetik\u00ebn, sigurin\u00eb dhe praktik\u00ebn.\" \/>\n<meta property=\"og:url\" content=\"https:\/\/elittesofa.mk\/sq\/produkti\/marisa\/\" \/>\n<meta property=\"og:site_name\" content=\"Elitte Sofa\" \/>\n<meta property=\"article:publisher\" content=\"https:\/\/www.facebook.com\/elittesofa\" \/>\n<meta property=\"article:modified_time\" content=\"2025-08-07T10:08:24+00:00\" \/>\n<meta property=\"og:image\" content=\"https:\/\/elittesofa.mk\/wp-content\/uploads\/2025\/01\/marisa-1.jpg\" \/>\n\t<meta property=\"og:image:width\" content=\"1290\" \/>\n\t<meta property=\"og:image:height\" content=\"1552\" \/>\n\t<meta property=\"og:image:type\" content=\"image\/jpeg\" \/>\n<meta name=\"twitter:card\" content=\"summary_large_image\" \/>\n<meta name=\"twitter:label1\" content=\"Est. reading time\" \/>\n\t<meta name=\"twitter:data1\" content=\"1 minute\" \/>\n<script type=\"application\/ld+json\" class=\"yoast-schema-graph\">{\"@context\":\"https:\\\/\\\/schema.org\",\"@graph\":[{\"@type\":\"WebPage\",\"@id\":\"https:\\\/\\\/elittesofa.mk\\\/sq\\\/produkti\\\/marisa\\\/\",\"url\":\"https:\\\/\\\/elittesofa.mk\\\/sq\\\/produkti\\\/marisa\\\/\",\"name\":\"Marisa Tek - Elitte Sofa\",\"isPartOf\":{\"@id\":\"https:\\\/\\\/elittesofa.mk\\\/sq\\\/#website\"},\"primaryImageOfPage\":{\"@id\":\"https:\\\/\\\/elittesofa.mk\\\/sq\\\/produkti\\\/marisa\\\/#primaryimage\"},\"image\":{\"@id\":\"https:\\\/\\\/elittesofa.mk\\\/sq\\\/produkti\\\/marisa\\\/#primaryimage\"},\"thumbnailUrl\":\"https:\\\/\\\/elittesofa.mk\\\/wp-content\\\/uploads\\\/2025\\\/01\\\/marisa-1.jpg\",\"datePublished\":\"2025-01-22T14:30:41+00:00\",\"dateModified\":\"2025-08-07T10:08:24+00:00\",\"breadcrumb\":{\"@id\":\"https:\\\/\\\/elittesofa.mk\\\/sq\\\/produkti\\\/marisa\\\/#breadcrumb\"},\"inLanguage\":\"sq-AL\",\"potentialAction\":[{\"@type\":\"ReadAction\",\"target\":[\"https:\\\/\\\/elittesofa.mk\\\/sq\\\/produkti\\\/marisa\\\/\"]}]},{\"@type\":\"ImageObject\",\"inLanguage\":\"sq-AL\",\"@id\":\"https:\\\/\\\/elittesofa.mk\\\/sq\\\/produkti\\\/marisa\\\/#primaryimage\",\"url\":\"https:\\\/\\\/elittesofa.mk\\\/wp-content\\\/uploads\\\/2025\\\/01\\\/marisa-1.jpg\",\"contentUrl\":\"https:\\\/\\\/elittesofa.mk\\\/wp-content\\\/uploads\\\/2025\\\/01\\\/marisa-1.jpg\",\"width\":1290,\"height\":1552},{\"@type\":\"BreadcrumbList\",\"@id\":\"https:\\\/\\\/elittesofa.mk\\\/sq\\\/produkti\\\/marisa\\\/#breadcrumb\",\"itemListElement\":[{\"@type\":\"ListItem\",\"position\":1,\"name\":\"Home\",\"item\":\"https:\\\/\\\/elittesofa.mk\\\/sq\\\/\"},{\"@type\":\"ListItem\",\"position\":2,\"name\":\"Shop\",\"item\":\"https:\\\/\\\/elittesofa.mk\\\/sq\\\/shop-2\\\/\"},{\"@type\":\"ListItem\",\"position\":3,\"name\":\"Marisa Tek\"}]},{\"@type\":\"WebSite\",\"@id\":\"https:\\\/\\\/elittesofa.mk\\\/sq\\\/#website\",\"url\":\"https:\\\/\\\/elittesofa.mk\\\/sq\\\/\",\"name\":\"Elitte Sofa\",\"description\":\"Per Tutta La Vita\",\"publisher\":{\"@id\":\"https:\\\/\\\/elittesofa.mk\\\/sq\\\/#organization\"},\"potentialAction\":[{\"@type\":\"SearchAction\",\"target\":{\"@type\":\"EntryPoint\",\"urlTemplate\":\"https:\\\/\\\/elittesofa.mk\\\/sq\\\/?s={search_term_string}\"},\"query-input\":{\"@type\":\"PropertyValueSpecification\",\"valueRequired\":true,\"valueName\":\"search_term_string\"}}],\"inLanguage\":\"sq-AL\"},{\"@type\":\"Organization\",\"@id\":\"https:\\\/\\\/elittesofa.mk\\\/sq\\\/#organization\",\"name\":\"Elitte Sofa\",\"url\":\"https:\\\/\\\/elittesofa.mk\\\/sq\\\/\",\"logo\":{\"@type\":\"ImageObject\",\"inLanguage\":\"sq-AL\",\"@id\":\"https:\\\/\\\/elittesofa.mk\\\/sq\\\/#\\\/schema\\\/logo\\\/image\\\/\",\"url\":\"https:\\\/\\\/elittesofa.mk\\\/wp-content\\\/uploads\\\/2024\\\/05\\\/ElitteSOFA-logo.png\",\"contentUrl\":\"https:\\\/\\\/elittesofa.mk\\\/wp-content\\\/uploads\\\/2024\\\/05\\\/ElitteSOFA-logo.png\",\"width\":1340,\"height\":417,\"caption\":\"Elitte Sofa\"},\"image\":{\"@id\":\"https:\\\/\\\/elittesofa.mk\\\/sq\\\/#\\\/schema\\\/logo\\\/image\\\/\"},\"sameAs\":[\"https:\\\/\\\/www.facebook.com\\\/elittesofa\",\"https:\\\/\\\/www.instagram.com\\\/elitte_sofa\\\/\"]}]}<\/script>\n<!-- \/ Yoast SEO plugin. -->","yoast_head_json":{"title":"Marisa Tek - Elitte Sofa","robots":{"index":"index","follow":"follow","max-snippet":"max-snippet:-1","max-image-preview":"max-image-preview:large","max-video-preview":"max-video-preview:-1"},"canonical":"https:\/\/elittesofa.mk\/sq\/produkti\/marisa\/","og_locale":"sq_AL","og_type":"article","og_title":"Marisa Tek - Elitte Sofa","og_description":"Krevat tek me dizajn ultra-modern dhe funksional \u00ebsht\u00eb zgjedhje ideale p\u00ebr dhomat e f\u00ebmij\u00ebve dhe adoleshent\u00ebve, duke kombinuar estetik\u00ebn, sigurin\u00eb dhe praktik\u00ebn.","og_url":"https:\/\/elittesofa.mk\/sq\/produkti\/marisa\/","og_site_name":"Elitte Sofa","article_publisher":"https:\/\/www.facebook.com\/elittesofa","article_modified_time":"2025-08-07T10:08:24+00:00","og_image":[{"width":1290,"height":1552,"url":"https:\/\/elittesofa.mk\/wp-content\/uploads\/2025\/01\/marisa-1.jpg","type":"image\/jpeg"}],"twitter_card":"summary_large_image","twitter_misc":{"Est. reading time":"1 minute"},"schema":{"@context":"https:\/\/schema.org","@graph":[{"@type":"WebPage","@id":"https:\/\/elittesofa.mk\/sq\/produkti\/marisa\/","url":"https:\/\/elittesofa.mk\/sq\/produkti\/marisa\/","name":"Marisa Tek - Elitte Sofa","isPartOf":{"@id":"https:\/\/elittesofa.mk\/sq\/#website"},"primaryImageOfPage":{"@id":"https:\/\/elittesofa.mk\/sq\/produkti\/marisa\/#primaryimage"},"image":{"@id":"https:\/\/elittesofa.mk\/sq\/produkti\/marisa\/#primaryimage"},"thumbnailUrl":"https:\/\/elittesofa.mk\/wp-content\/uploads\/2025\/01\/marisa-1.jpg","datePublished":"2025-01-22T14:30:41+00:00","dateModified":"2025-08-07T10:08:24+00:00","breadcrumb":{"@id":"https:\/\/elittesofa.mk\/sq\/produkti\/marisa\/#breadcrumb"},"inLanguage":"sq-AL","potentialAction":[{"@type":"ReadAction","target":["https:\/\/elittesofa.mk\/sq\/produkti\/marisa\/"]}]},{"@type":"ImageObject","inLanguage":"sq-AL","@id":"https:\/\/elittesofa.mk\/sq\/produkti\/marisa\/#primaryimage","url":"https:\/\/elittesofa.mk\/wp-content\/uploads\/2025\/01\/marisa-1.jpg","contentUrl":"https:\/\/elittesofa.mk\/wp-content\/uploads\/2025\/01\/marisa-1.jpg","width":1290,"height":1552},{"@type":"BreadcrumbList","@id":"https:\/\/elittesofa.mk\/sq\/produkti\/marisa\/#breadcrumb","itemListElement":[{"@type":"ListItem","position":1,"name":"Home","item":"https:\/\/elittesofa.mk\/sq\/"},{"@type":"ListItem","position":2,"name":"Shop","item":"https:\/\/elittesofa.mk\/sq\/shop-2\/"},{"@type":"ListItem","position":3,"name":"Marisa Tek"}]},{"@type":"WebSite","@id":"https:\/\/elittesofa.mk\/sq\/#website","url":"https:\/\/elittesofa.mk\/sq\/","name":"Elitte Sofa","description":"Per Tutta La Vita","publisher":{"@id":"https:\/\/elittesofa.mk\/sq\/#organization"},"potentialAction":[{"@type":"SearchAction","target":{"@type":"EntryPoint","urlTemplate":"https:\/\/elittesofa.mk\/sq\/?s={search_term_string}"},"query-input":{"@type":"PropertyValueSpecification","valueRequired":true,"valueName":"search_term_string"}}],"inLanguage":"sq-AL"},{"@type":"Organization","@id":"https:\/\/elittesofa.mk\/sq\/#organization","name":"Elitte Sofa","url":"https:\/\/elittesofa.mk\/sq\/","logo":{"@type":"ImageObject","inLanguage":"sq-AL","@id":"https:\/\/elittesofa.mk\/sq\/#\/schema\/logo\/image\/","url":"https:\/\/elittesofa.mk\/wp-content\/uploads\/2024\/05\/ElitteSOFA-logo.png","contentUrl":"https:\/\/elittesofa.mk\/wp-content\/uploads\/2024\/05\/ElitteSOFA-logo.png","width":1340,"height":417,"caption":"Elitte Sofa"},"image":{"@id":"https:\/\/elittesofa.mk\/sq\/#\/schema\/logo\/image\/"},"sameAs":["https:\/\/www.facebook.com\/elittesofa","https:\/\/www.instagram.com\/elitte_sofa\/"]}]}},"_links":{"self":[{"href":"https:\/\/elittesofa.mk\/sq\/wp-json\/wp\/v2\/product\/12280","targetHints":{"allow":["GET"]}}],"collection":[{"href":"https:\/\/elittesofa.mk\/sq\/wp-json\/wp\/v2\/product"}],"about":[{"href":"https:\/\/elittesofa.mk\/sq\/wp-json\/wp\/v2\/types\/product"}],"wp:featuredmedia":[{"embeddable":true,"href":"https:\/\/elittesofa.mk\/sq\/wp-json\/wp\/v2\/media\/11288"}],"wp:attachment":[{"href":"https:\/\/elittesofa.mk\/sq\/wp-json\/wp\/v2\/media?parent=12280"}],"wp:term":[{"taxonomy":"product_brand","embeddable":true,"href":"https:\/\/elittesofa.mk\/sq\/wp-json\/wp\/v2\/product_brand?post=12280"},{"taxonomy":"product_cat","embeddable":true,"href":"https:\/\/elittesofa.mk\/sq\/wp-json\/wp\/v2\/product_cat?post=12280"},{"taxonomy":"product_tag","embeddable":true,"href":"https:\/\/elittesofa.mk\/sq\/wp-json\/wp\/v2\/product_tag?post=12280"}],"curies":[{"name":"wp","href":"https:\/\/api.w.org\/{rel}","templated":true}]}}