{"id":12339,"date":"2024-09-12T13:45:48","date_gmt":"2024-09-12T13:45:48","guid":{"rendered":"https:\/\/elittesofa.mk\/product\/elisa-bed-tek\/"},"modified":"2024-09-12T13:45:48","modified_gmt":"2024-09-12T12:45:48","slug":"elisa-bed-tek","status":"publish","type":"product","link":"https:\/\/elittesofa.mk\/sq\/produkti\/elisa-bed-tek\/","title":{"rendered":"ELISA BED &#8211; Tek"},"content":{"rendered":"<p>Krevati p\u00ebr f\u00ebmij\u00eb tek &#8211; ELISA BED \u00ebsht\u00eb zgjedhja perfekte p\u00ebr nj\u00eb zgjidhje afatgjat\u00eb p\u00ebr nj\u00eb krevat f\u00ebmij\u00ebsh. Krevati mund t\u00eb b\u00ebhet n\u00eb ngjyr\u00ebn dhe materialin q\u00eb zgjidhni. Hap\u00ebsira e ruajtjes n\u00ebn krevat ju ofron vendin e p\u00ebrsosur p\u00ebr t\u00eb ruajtur shum\u00eb libra, rroba, lodra ose \u00e7ar\u00e7af\u00eb.<\/p>\n<p>Avantazhet e krevatit ELISA:<br \/>\nDizajn i rehatsh\u00ebm dhe i but\u00eb q\u00eb mbron f\u00ebmij\u00ebn tuaj gjat\u00eb gjumit<br \/>\nI b\u00ebr\u00eb nga materiale q\u00eb mbrojn\u00eb sh\u00ebndetin (Materiale mikrofibre dhe p\u00eblhure me cil\u00ebsi t\u00eb lart\u00eb q\u00eb jan\u00eb antibakteriale dhe antialergjike)<br \/>\nZgjidhje afatgjat\u00eb me nj\u00eb nd\u00ebrtim t\u00eb fort\u00eb dhe masiv<br \/>\nHap\u00ebsir\u00eb e madhe ruajtjeje n\u00ebn dyshek<br \/>\nKrevati mund t\u00eb b\u00ebhet n\u00eb dimensionet e m\u00ebposhtme t\u00eb dyshekut: 90*200, 120*200 ose dimensione t\u00eb tjera.<\/p>\n<p>Krevati vjen me nj\u00eb korniz\u00eb metalike latoflex dhe d\u00ebrrasa elastike. Kjo baz\u00eb gjithashtu siguron mb\u00ebshtetje perfekte p\u00ebr dyshekun, duke e mbrojtur at\u00eb nga lag\u00ebshtia dhe duke lejuar qarkullimin e ajrit.<\/p>\n<p>I krijuar p\u00ebr siguri maksimale p\u00ebr sh\u00ebndetin e f\u00ebmij\u00ebs suaj gjat\u00eb gjumit, krevati ELISA do t\u00eb jet\u00eb n\u00eb gjendje t\u00eb p\u00ebrdoret nga f\u00ebmij\u00ebt tuaj edhe kur t\u00eb rriten! \u00cbsht\u00eb b\u00ebr\u00eb nga nj\u00eb nd\u00ebrtim i fort\u00eb dhe me cil\u00ebsi t\u00eb lart\u00eb, me nj\u00eb garanci 10-vje\u00e7are.<\/p>\n","protected":false},"excerpt":{"rendered":"<p>I krijuar p\u00ebr siguri maksimale p\u00ebr sh\u00ebndetin e f\u00ebmij\u00ebs suaj gjat\u00eb gjumit, shtrati ELISA do t\u00eb jet\u00eb n\u00eb gjendje t\u00eb p\u00ebrdoret nga f\u00ebmij\u00ebt tuaj edhe kur t\u00eb rriten! \u00cbsht\u00eb b\u00ebr\u00eb nga nj\u00eb nd\u00ebrtim i fort\u00eb dhe me cil\u00ebsi t\u00eb lart\u00eb, me nj\u00eb garanci 10-vje\u00e7are.<\/p>\n<p>Dimensionet e jashtme t\u00eb shtratit:<br \/>\np\u00ebr nj\u00eb dyshek 90*200 dimensionet jan\u00eb 105*215 cm,<\/p>\n<p>p\u00ebr nj\u00eb dyshek 120*90 dimensionet jan\u00eb 135*215 cm.<\/p>\n<p>Lart\u00ebsia: 95 cm<\/p>\n","protected":false},"featured_media":10889,"template":"","meta":[],"product_brand":[],"product_cat":[408,101],"product_tag":[],"class_list":{"0":"post-12339","1":"product","2":"type-product","3":"status-publish","4":"has-post-thumbnail","6":"product_cat-krevat-tek","7":"product_cat-shtreter","9":"first","10":"instock","11":"shipping-taxable","12":"purchasable","13":"product-type-variable"},"yoast_head":"<!-- This site is optimized with the Yoast SEO plugin v27.4 - https:\/\/yoast.com\/product\/yoast-seo-wordpress\/ -->\n<title>ELISA BED - Tek - Elitte Sofa<\/title>\n<meta name=\"robots\" content=\"index, follow, max-snippet:-1, max-image-preview:large, max-video-preview:-1\" \/>\n<link rel=\"canonical\" href=\"https:\/\/elittesofa.mk\/sq\/produkti\/elisa-bed-tek\/\" \/>\n<meta property=\"og:locale\" content=\"sq_AL\" \/>\n<meta property=\"og:type\" content=\"article\" \/>\n<meta property=\"og:title\" content=\"ELISA BED - Tek - Elitte Sofa\" \/>\n<meta property=\"og:description\" content=\"I krijuar p\u00ebr siguri maksimale p\u00ebr sh\u00ebndetin e f\u00ebmij\u00ebs suaj gjat\u00eb gjumit, shtrati ELISA do t\u00eb jet\u00eb n\u00eb gjendje t\u00eb p\u00ebrdoret nga f\u00ebmij\u00ebt tuaj edhe kur t\u00eb rriten! \u00cbsht\u00eb b\u00ebr\u00eb nga nj\u00eb nd\u00ebrtim i fort\u00eb dhe me cil\u00ebsi t\u00eb lart\u00eb, me nj\u00eb garanci 10-vje\u00e7are.  Dimensionet e jashtme t\u00eb shtratit: p\u00ebr nj\u00eb dyshek 90*200 dimensionet jan\u00eb 105*215 cm,  p\u00ebr nj\u00eb dyshek 120*90 dimensionet jan\u00eb 135*215 cm.  Lart\u00ebsia: 95 cm\" \/>\n<meta property=\"og:url\" content=\"https:\/\/elittesofa.mk\/sq\/produkti\/elisa-bed-tek\/\" \/>\n<meta property=\"og:site_name\" content=\"Elitte Sofa\" \/>\n<meta property=\"article:publisher\" content=\"https:\/\/www.facebook.com\/elittesofa\" \/>\n<meta property=\"og:image\" content=\"https:\/\/elittesofa.mk\/wp-content\/uploads\/2024\/09\/elisa-2.jpg\" \/>\n\t<meta property=\"og:image:width\" content=\"1253\" \/>\n\t<meta property=\"og:image:height\" content=\"1218\" \/>\n\t<meta property=\"og:image:type\" content=\"image\/jpeg\" \/>\n<meta name=\"twitter:card\" content=\"summary_large_image\" \/>\n<meta name=\"twitter:label1\" content=\"Est. reading time\" \/>\n\t<meta name=\"twitter:data1\" content=\"1 minute\" \/>\n<script type=\"application\/ld+json\" class=\"yoast-schema-graph\">{\"@context\":\"https:\\\/\\\/schema.org\",\"@graph\":[{\"@type\":\"WebPage\",\"@id\":\"https:\\\/\\\/elittesofa.mk\\\/sq\\\/produkti\\\/elisa-bed-tek\\\/\",\"url\":\"https:\\\/\\\/elittesofa.mk\\\/sq\\\/produkti\\\/elisa-bed-tek\\\/\",\"name\":\"ELISA BED - Tek - Elitte Sofa\",\"isPartOf\":{\"@id\":\"https:\\\/\\\/elittesofa.mk\\\/sq\\\/#website\"},\"primaryImageOfPage\":{\"@id\":\"https:\\\/\\\/elittesofa.mk\\\/sq\\\/produkti\\\/elisa-bed-tek\\\/#primaryimage\"},\"image\":{\"@id\":\"https:\\\/\\\/elittesofa.mk\\\/sq\\\/produkti\\\/elisa-bed-tek\\\/#primaryimage\"},\"thumbnailUrl\":\"https:\\\/\\\/elittesofa.mk\\\/wp-content\\\/uploads\\\/2024\\\/09\\\/elisa-2.jpg\",\"datePublished\":\"2024-09-12T13:45:48+00:00\",\"breadcrumb\":{\"@id\":\"https:\\\/\\\/elittesofa.mk\\\/sq\\\/produkti\\\/elisa-bed-tek\\\/#breadcrumb\"},\"inLanguage\":\"sq-AL\",\"potentialAction\":[{\"@type\":\"ReadAction\",\"target\":[\"https:\\\/\\\/elittesofa.mk\\\/sq\\\/produkti\\\/elisa-bed-tek\\\/\"]}]},{\"@type\":\"ImageObject\",\"inLanguage\":\"sq-AL\",\"@id\":\"https:\\\/\\\/elittesofa.mk\\\/sq\\\/produkti\\\/elisa-bed-tek\\\/#primaryimage\",\"url\":\"https:\\\/\\\/elittesofa.mk\\\/wp-content\\\/uploads\\\/2024\\\/09\\\/elisa-2.jpg\",\"contentUrl\":\"https:\\\/\\\/elittesofa.mk\\\/wp-content\\\/uploads\\\/2024\\\/09\\\/elisa-2.jpg\",\"width\":1253,\"height\":1218,\"caption\":\"Elisa Single Bed\"},{\"@type\":\"BreadcrumbList\",\"@id\":\"https:\\\/\\\/elittesofa.mk\\\/sq\\\/produkti\\\/elisa-bed-tek\\\/#breadcrumb\",\"itemListElement\":[{\"@type\":\"ListItem\",\"position\":1,\"name\":\"Home\",\"item\":\"https:\\\/\\\/elittesofa.mk\\\/sq\\\/\"},{\"@type\":\"ListItem\",\"position\":2,\"name\":\"Shop\",\"item\":\"https:\\\/\\\/elittesofa.mk\\\/sq\\\/shop-2\\\/\"},{\"@type\":\"ListItem\",\"position\":3,\"name\":\"ELISA BED &#8211; Tek\"}]},{\"@type\":\"WebSite\",\"@id\":\"https:\\\/\\\/elittesofa.mk\\\/sq\\\/#website\",\"url\":\"https:\\\/\\\/elittesofa.mk\\\/sq\\\/\",\"name\":\"Elitte Sofa\",\"description\":\"Per Tutta La Vita\",\"publisher\":{\"@id\":\"https:\\\/\\\/elittesofa.mk\\\/sq\\\/#organization\"},\"potentialAction\":[{\"@type\":\"SearchAction\",\"target\":{\"@type\":\"EntryPoint\",\"urlTemplate\":\"https:\\\/\\\/elittesofa.mk\\\/sq\\\/?s={search_term_string}\"},\"query-input\":{\"@type\":\"PropertyValueSpecification\",\"valueRequired\":true,\"valueName\":\"search_term_string\"}}],\"inLanguage\":\"sq-AL\"},{\"@type\":\"Organization\",\"@id\":\"https:\\\/\\\/elittesofa.mk\\\/sq\\\/#organization\",\"name\":\"Elitte Sofa\",\"url\":\"https:\\\/\\\/elittesofa.mk\\\/sq\\\/\",\"logo\":{\"@type\":\"ImageObject\",\"inLanguage\":\"sq-AL\",\"@id\":\"https:\\\/\\\/elittesofa.mk\\\/sq\\\/#\\\/schema\\\/logo\\\/image\\\/\",\"url\":\"https:\\\/\\\/elittesofa.mk\\\/wp-content\\\/uploads\\\/2024\\\/05\\\/ElitteSOFA-logo.png\",\"contentUrl\":\"https:\\\/\\\/elittesofa.mk\\\/wp-content\\\/uploads\\\/2024\\\/05\\\/ElitteSOFA-logo.png\",\"width\":1340,\"height\":417,\"caption\":\"Elitte Sofa\"},\"image\":{\"@id\":\"https:\\\/\\\/elittesofa.mk\\\/sq\\\/#\\\/schema\\\/logo\\\/image\\\/\"},\"sameAs\":[\"https:\\\/\\\/www.facebook.com\\\/elittesofa\",\"https:\\\/\\\/www.instagram.com\\\/elitte_sofa\\\/\"]}]}<\/script>\n<!-- \/ Yoast SEO plugin. -->","yoast_head_json":{"title":"ELISA BED - Tek - Elitte Sofa","robots":{"index":"index","follow":"follow","max-snippet":"max-snippet:-1","max-image-preview":"max-image-preview:large","max-video-preview":"max-video-preview:-1"},"canonical":"https:\/\/elittesofa.mk\/sq\/produkti\/elisa-bed-tek\/","og_locale":"sq_AL","og_type":"article","og_title":"ELISA BED - Tek - Elitte Sofa","og_description":"I krijuar p\u00ebr siguri maksimale p\u00ebr sh\u00ebndetin e f\u00ebmij\u00ebs suaj gjat\u00eb gjumit, shtrati ELISA do t\u00eb jet\u00eb n\u00eb gjendje t\u00eb p\u00ebrdoret nga f\u00ebmij\u00ebt tuaj edhe kur t\u00eb rriten! \u00cbsht\u00eb b\u00ebr\u00eb nga nj\u00eb nd\u00ebrtim i fort\u00eb dhe me cil\u00ebsi t\u00eb lart\u00eb, me nj\u00eb garanci 10-vje\u00e7are.  Dimensionet e jashtme t\u00eb shtratit: p\u00ebr nj\u00eb dyshek 90*200 dimensionet jan\u00eb 105*215 cm,  p\u00ebr nj\u00eb dyshek 120*90 dimensionet jan\u00eb 135*215 cm.  Lart\u00ebsia: 95 cm","og_url":"https:\/\/elittesofa.mk\/sq\/produkti\/elisa-bed-tek\/","og_site_name":"Elitte Sofa","article_publisher":"https:\/\/www.facebook.com\/elittesofa","og_image":[{"width":1253,"height":1218,"url":"https:\/\/elittesofa.mk\/wp-content\/uploads\/2024\/09\/elisa-2.jpg","type":"image\/jpeg"}],"twitter_card":"summary_large_image","twitter_misc":{"Est. reading time":"1 minute"},"schema":{"@context":"https:\/\/schema.org","@graph":[{"@type":"WebPage","@id":"https:\/\/elittesofa.mk\/sq\/produkti\/elisa-bed-tek\/","url":"https:\/\/elittesofa.mk\/sq\/produkti\/elisa-bed-tek\/","name":"ELISA BED - Tek - Elitte Sofa","isPartOf":{"@id":"https:\/\/elittesofa.mk\/sq\/#website"},"primaryImageOfPage":{"@id":"https:\/\/elittesofa.mk\/sq\/produkti\/elisa-bed-tek\/#primaryimage"},"image":{"@id":"https:\/\/elittesofa.mk\/sq\/produkti\/elisa-bed-tek\/#primaryimage"},"thumbnailUrl":"https:\/\/elittesofa.mk\/wp-content\/uploads\/2024\/09\/elisa-2.jpg","datePublished":"2024-09-12T13:45:48+00:00","breadcrumb":{"@id":"https:\/\/elittesofa.mk\/sq\/produkti\/elisa-bed-tek\/#breadcrumb"},"inLanguage":"sq-AL","potentialAction":[{"@type":"ReadAction","target":["https:\/\/elittesofa.mk\/sq\/produkti\/elisa-bed-tek\/"]}]},{"@type":"ImageObject","inLanguage":"sq-AL","@id":"https:\/\/elittesofa.mk\/sq\/produkti\/elisa-bed-tek\/#primaryimage","url":"https:\/\/elittesofa.mk\/wp-content\/uploads\/2024\/09\/elisa-2.jpg","contentUrl":"https:\/\/elittesofa.mk\/wp-content\/uploads\/2024\/09\/elisa-2.jpg","width":1253,"height":1218,"caption":"Elisa Single Bed"},{"@type":"BreadcrumbList","@id":"https:\/\/elittesofa.mk\/sq\/produkti\/elisa-bed-tek\/#breadcrumb","itemListElement":[{"@type":"ListItem","position":1,"name":"Home","item":"https:\/\/elittesofa.mk\/sq\/"},{"@type":"ListItem","position":2,"name":"Shop","item":"https:\/\/elittesofa.mk\/sq\/shop-2\/"},{"@type":"ListItem","position":3,"name":"ELISA BED &#8211; Tek"}]},{"@type":"WebSite","@id":"https:\/\/elittesofa.mk\/sq\/#website","url":"https:\/\/elittesofa.mk\/sq\/","name":"Elitte Sofa","description":"Per Tutta La Vita","publisher":{"@id":"https:\/\/elittesofa.mk\/sq\/#organization"},"potentialAction":[{"@type":"SearchAction","target":{"@type":"EntryPoint","urlTemplate":"https:\/\/elittesofa.mk\/sq\/?s={search_term_string}"},"query-input":{"@type":"PropertyValueSpecification","valueRequired":true,"valueName":"search_term_string"}}],"inLanguage":"sq-AL"},{"@type":"Organization","@id":"https:\/\/elittesofa.mk\/sq\/#organization","name":"Elitte Sofa","url":"https:\/\/elittesofa.mk\/sq\/","logo":{"@type":"ImageObject","inLanguage":"sq-AL","@id":"https:\/\/elittesofa.mk\/sq\/#\/schema\/logo\/image\/","url":"https:\/\/elittesofa.mk\/wp-content\/uploads\/2024\/05\/ElitteSOFA-logo.png","contentUrl":"https:\/\/elittesofa.mk\/wp-content\/uploads\/2024\/05\/ElitteSOFA-logo.png","width":1340,"height":417,"caption":"Elitte Sofa"},"image":{"@id":"https:\/\/elittesofa.mk\/sq\/#\/schema\/logo\/image\/"},"sameAs":["https:\/\/www.facebook.com\/elittesofa","https:\/\/www.instagram.com\/elitte_sofa\/"]}]}},"_links":{"self":[{"href":"https:\/\/elittesofa.mk\/sq\/wp-json\/wp\/v2\/product\/12339","targetHints":{"allow":["GET"]}}],"collection":[{"href":"https:\/\/elittesofa.mk\/sq\/wp-json\/wp\/v2\/product"}],"about":[{"href":"https:\/\/elittesofa.mk\/sq\/wp-json\/wp\/v2\/types\/product"}],"wp:featuredmedia":[{"embeddable":true,"href":"https:\/\/elittesofa.mk\/sq\/wp-json\/wp\/v2\/media\/10889"}],"wp:attachment":[{"href":"https:\/\/elittesofa.mk\/sq\/wp-json\/wp\/v2\/media?parent=12339"}],"wp:term":[{"taxonomy":"product_brand","embeddable":true,"href":"https:\/\/elittesofa.mk\/sq\/wp-json\/wp\/v2\/product_brand?post=12339"},{"taxonomy":"product_cat","embeddable":true,"href":"https:\/\/elittesofa.mk\/sq\/wp-json\/wp\/v2\/product_cat?post=12339"},{"taxonomy":"product_tag","embeddable":true,"href":"https:\/\/elittesofa.mk\/sq\/wp-json\/wp\/v2\/product_tag?post=12339"}],"curies":[{"name":"wp","href":"https:\/\/api.w.org\/{rel}","templated":true}]}}