{"id":2326,"date":"2023-12-25T19:42:15","date_gmt":"2023-12-25T19:42:15","guid":{"rendered":"https:\/\/elittesofa.mk\/product\/emilia-grande\/"},"modified":"2025-08-07T10:59:07","modified_gmt":"2025-08-07T09:59:07","slug":"emilia-grande","status":"publish","type":"product","link":"https:\/\/elittesofa.mk\/sq\/produkti\/emilia-grande\/","title":{"rendered":"EMILIA GRANDE"},"content":{"rendered":"<p>Krevati Emilia Grande \u00ebsht\u00eb i destinuar p\u00ebr shijet e \u00e7uditshme q\u00eb duan t\u00eb shijojn\u00eb luksin, larg syve kureshtar\u00eb t\u00eb t\u00eb tjer\u00ebve. Duke zgjedhur Emilia Grande si nj\u00eb vend p\u00ebr relaksim t\u00eb p\u00ebrditsh\u00ebm, ju investoni n\u00eb sh\u00ebndetin tuaj afatgjat\u00eb, por gjithashtu kontribuoni q\u00eb sht\u00ebpia juaj t\u00eb jet\u00eb nj\u00eb k\u00ebnd misterioz ku jeni kurioz.<\/p>\n<p>Materialet cil\u00ebsore t\u00eb p\u00ebrdorura dhe garancia 10-vje\u00e7are jan\u00eb nj\u00eb tregues se ju do t\u00eb mund ta p\u00ebrdorni k\u00ebt\u00eb shtrat p\u00ebr vite dhe vite.<\/p>\n<p>Madh\u00ebshtore, e pasur, mbret\u00ebrore &#8211; k\u00ebto jan\u00eb fjal\u00ebt ideale p\u00ebr t\u00eb p\u00ebrshkruar Emilia Grande.<\/p>\n<p>Dysheku vjen me nj\u00eb latoflex elastik q\u00eb ofron rehati gjat\u00eb p\u00ebrdorimit dhe p\u00ebrshtatet me t\u00eb gjitha llojet e dyshek\u00ebve. Latoflex gjithashtu lejon qarkullimin e ajrit n\u00ebp\u00ebr dyshek\u00eb dhe e mbron at\u00eb nga lag\u00ebshtia dhe kalbja. Latoflekost vjen me nj\u00eb mekaniz\u00ebm ngrit\u00ebs q\u00eb ju lejon t\u00eb p\u00ebrdorni kutin\u00eb nga shtrati p\u00ebr t\u00eb ruajtur sendet.<\/p>\n<p>Krevati Emilia Grande mund t\u00eb b\u00ebhet n\u00eb p\u00ebrmasat q\u00eb d\u00ebshironi, pra n\u00eb var\u00ebsi t\u00eb dimensionit t\u00eb dyshekut q\u00eb do t\u00eb p\u00ebrdorni dhe ju mund t\u00eb zgjidhni edhe lart\u00ebsin\u00eb.<\/p>\n<p>Dimensionet e brendshme t\u00eb shtratit: 120 x 200, 140 x 200, 160 x 200, 180 x 200, 200 x 200<\/p>\n<p>Dimensionet e jashtme: 135 x 225, 145 x 225, 175 x 225, 195 x 225, 215 x 225.<\/p>\n<p>P\u00ebr nj\u00eb p\u00ebrshtypje krejt\u00ebsisht luksoze, ju sugjerojm\u00eb korniza t\u00eb arta me let\u00ebr-muri ekskluzive me tekstur\u00eb n\u00eb an\u00eb t\u00eb shtratit dhe komodina cil\u00ebsore.<\/p>\n","protected":false},"excerpt":{"rendered":"<p>Madh\u00ebshtore, e pasur, mbret\u00ebrore &#8211; k\u00ebto jan\u00eb fjal\u00ebt ideale p\u00ebr t\u00eb p\u00ebrshkruar Emilia Grande.<\/p>\n","protected":false},"featured_media":2309,"template":"","meta":[],"product_brand":[],"product_cat":[407,101],"product_tag":[],"class_list":{"0":"post-2326","1":"product","2":"type-product","3":"status-publish","4":"has-post-thumbnail","6":"product_cat-krevate-dopio","7":"product_cat-shtreter","9":"first","10":"instock","11":"shipping-taxable","12":"purchasable","13":"product-type-variable"},"yoast_head":"<!-- This site is optimized with the Yoast SEO plugin v27.4 - https:\/\/yoast.com\/product\/yoast-seo-wordpress\/ -->\n<title>EMILIA GRANDE - Elitte Sofa<\/title>\n<meta name=\"robots\" content=\"index, follow, max-snippet:-1, max-image-preview:large, max-video-preview:-1\" \/>\n<link rel=\"canonical\" href=\"https:\/\/elittesofa.mk\/sq\/produkti\/emilia-grande\/\" \/>\n<meta property=\"og:locale\" content=\"sq_AL\" \/>\n<meta property=\"og:type\" content=\"article\" \/>\n<meta property=\"og:title\" content=\"EMILIA GRANDE - Elitte Sofa\" \/>\n<meta property=\"og:description\" content=\"Madh\u00ebshtore, e pasur, mbret\u00ebrore - k\u00ebto jan\u00eb fjal\u00ebt ideale p\u00ebr t\u00eb p\u00ebrshkruar Emilia Grande.\" \/>\n<meta property=\"og:url\" content=\"https:\/\/elittesofa.mk\/sq\/produkti\/emilia-grande\/\" \/>\n<meta property=\"og:site_name\" content=\"Elitte Sofa\" \/>\n<meta property=\"article:publisher\" content=\"https:\/\/www.facebook.com\/elittesofa\" \/>\n<meta property=\"article:modified_time\" content=\"2025-08-07T09:59:07+00:00\" \/>\n<meta property=\"og:image\" content=\"https:\/\/elittesofa.mk\/wp-content\/uploads\/2023\/12\/EMILIA-GRANDE_1.jpg\" \/>\n\t<meta property=\"og:image:width\" content=\"1200\" \/>\n\t<meta property=\"og:image:height\" content=\"801\" \/>\n\t<meta property=\"og:image:type\" content=\"image\/jpeg\" \/>\n<meta name=\"twitter:card\" content=\"summary_large_image\" \/>\n<meta name=\"twitter:label1\" content=\"Est. reading time\" \/>\n\t<meta name=\"twitter:data1\" content=\"1 minute\" \/>\n<script type=\"application\/ld+json\" class=\"yoast-schema-graph\">{\"@context\":\"https:\\\/\\\/schema.org\",\"@graph\":[{\"@type\":\"WebPage\",\"@id\":\"https:\\\/\\\/elittesofa.mk\\\/sq\\\/produkti\\\/emilia-grande\\\/\",\"url\":\"https:\\\/\\\/elittesofa.mk\\\/sq\\\/produkti\\\/emilia-grande\\\/\",\"name\":\"EMILIA GRANDE - Elitte Sofa\",\"isPartOf\":{\"@id\":\"https:\\\/\\\/elittesofa.mk\\\/sq\\\/#website\"},\"primaryImageOfPage\":{\"@id\":\"https:\\\/\\\/elittesofa.mk\\\/sq\\\/produkti\\\/emilia-grande\\\/#primaryimage\"},\"image\":{\"@id\":\"https:\\\/\\\/elittesofa.mk\\\/sq\\\/produkti\\\/emilia-grande\\\/#primaryimage\"},\"thumbnailUrl\":\"https:\\\/\\\/elittesofa.mk\\\/wp-content\\\/uploads\\\/2023\\\/12\\\/EMILIA-GRANDE_1.jpg\",\"datePublished\":\"2023-12-25T19:42:15+00:00\",\"dateModified\":\"2025-08-07T09:59:07+00:00\",\"breadcrumb\":{\"@id\":\"https:\\\/\\\/elittesofa.mk\\\/sq\\\/produkti\\\/emilia-grande\\\/#breadcrumb\"},\"inLanguage\":\"sq-AL\",\"potentialAction\":[{\"@type\":\"ReadAction\",\"target\":[\"https:\\\/\\\/elittesofa.mk\\\/sq\\\/produkti\\\/emilia-grande\\\/\"]}]},{\"@type\":\"ImageObject\",\"inLanguage\":\"sq-AL\",\"@id\":\"https:\\\/\\\/elittesofa.mk\\\/sq\\\/produkti\\\/emilia-grande\\\/#primaryimage\",\"url\":\"https:\\\/\\\/elittesofa.mk\\\/wp-content\\\/uploads\\\/2023\\\/12\\\/EMILIA-GRANDE_1.jpg\",\"contentUrl\":\"https:\\\/\\\/elittesofa.mk\\\/wp-content\\\/uploads\\\/2023\\\/12\\\/EMILIA-GRANDE_1.jpg\",\"width\":1200,\"height\":801,\"caption\":\"EMILIA GRANDE \u043a\u0440\u0435\u0432\u0435\u0442 \u0437\u0430 \u0441\u043f\u0430\u043b\u043d\u0430\"},{\"@type\":\"BreadcrumbList\",\"@id\":\"https:\\\/\\\/elittesofa.mk\\\/sq\\\/produkti\\\/emilia-grande\\\/#breadcrumb\",\"itemListElement\":[{\"@type\":\"ListItem\",\"position\":1,\"name\":\"Home\",\"item\":\"https:\\\/\\\/elittesofa.mk\\\/sq\\\/\"},{\"@type\":\"ListItem\",\"position\":2,\"name\":\"Shop\",\"item\":\"https:\\\/\\\/elittesofa.mk\\\/sq\\\/shop-2\\\/\"},{\"@type\":\"ListItem\",\"position\":3,\"name\":\"EMILIA GRANDE\"}]},{\"@type\":\"WebSite\",\"@id\":\"https:\\\/\\\/elittesofa.mk\\\/sq\\\/#website\",\"url\":\"https:\\\/\\\/elittesofa.mk\\\/sq\\\/\",\"name\":\"Elitte Sofa\",\"description\":\"Per Tutta La Vita\",\"publisher\":{\"@id\":\"https:\\\/\\\/elittesofa.mk\\\/sq\\\/#organization\"},\"potentialAction\":[{\"@type\":\"SearchAction\",\"target\":{\"@type\":\"EntryPoint\",\"urlTemplate\":\"https:\\\/\\\/elittesofa.mk\\\/sq\\\/?s={search_term_string}\"},\"query-input\":{\"@type\":\"PropertyValueSpecification\",\"valueRequired\":true,\"valueName\":\"search_term_string\"}}],\"inLanguage\":\"sq-AL\"},{\"@type\":\"Organization\",\"@id\":\"https:\\\/\\\/elittesofa.mk\\\/sq\\\/#organization\",\"name\":\"Elitte Sofa\",\"url\":\"https:\\\/\\\/elittesofa.mk\\\/sq\\\/\",\"logo\":{\"@type\":\"ImageObject\",\"inLanguage\":\"sq-AL\",\"@id\":\"https:\\\/\\\/elittesofa.mk\\\/sq\\\/#\\\/schema\\\/logo\\\/image\\\/\",\"url\":\"https:\\\/\\\/elittesofa.mk\\\/wp-content\\\/uploads\\\/2024\\\/05\\\/ElitteSOFA-logo.png\",\"contentUrl\":\"https:\\\/\\\/elittesofa.mk\\\/wp-content\\\/uploads\\\/2024\\\/05\\\/ElitteSOFA-logo.png\",\"width\":1340,\"height\":417,\"caption\":\"Elitte Sofa\"},\"image\":{\"@id\":\"https:\\\/\\\/elittesofa.mk\\\/sq\\\/#\\\/schema\\\/logo\\\/image\\\/\"},\"sameAs\":[\"https:\\\/\\\/www.facebook.com\\\/elittesofa\",\"https:\\\/\\\/www.instagram.com\\\/elitte_sofa\\\/\"]}]}<\/script>\n<!-- \/ Yoast SEO plugin. -->","yoast_head_json":{"title":"EMILIA GRANDE - Elitte Sofa","robots":{"index":"index","follow":"follow","max-snippet":"max-snippet:-1","max-image-preview":"max-image-preview:large","max-video-preview":"max-video-preview:-1"},"canonical":"https:\/\/elittesofa.mk\/sq\/produkti\/emilia-grande\/","og_locale":"sq_AL","og_type":"article","og_title":"EMILIA GRANDE - Elitte Sofa","og_description":"Madh\u00ebshtore, e pasur, mbret\u00ebrore - k\u00ebto jan\u00eb fjal\u00ebt ideale p\u00ebr t\u00eb p\u00ebrshkruar Emilia Grande.","og_url":"https:\/\/elittesofa.mk\/sq\/produkti\/emilia-grande\/","og_site_name":"Elitte Sofa","article_publisher":"https:\/\/www.facebook.com\/elittesofa","article_modified_time":"2025-08-07T09:59:07+00:00","og_image":[{"width":1200,"height":801,"url":"https:\/\/elittesofa.mk\/wp-content\/uploads\/2023\/12\/EMILIA-GRANDE_1.jpg","type":"image\/jpeg"}],"twitter_card":"summary_large_image","twitter_misc":{"Est. reading time":"1 minute"},"schema":{"@context":"https:\/\/schema.org","@graph":[{"@type":"WebPage","@id":"https:\/\/elittesofa.mk\/sq\/produkti\/emilia-grande\/","url":"https:\/\/elittesofa.mk\/sq\/produkti\/emilia-grande\/","name":"EMILIA GRANDE - Elitte Sofa","isPartOf":{"@id":"https:\/\/elittesofa.mk\/sq\/#website"},"primaryImageOfPage":{"@id":"https:\/\/elittesofa.mk\/sq\/produkti\/emilia-grande\/#primaryimage"},"image":{"@id":"https:\/\/elittesofa.mk\/sq\/produkti\/emilia-grande\/#primaryimage"},"thumbnailUrl":"https:\/\/elittesofa.mk\/wp-content\/uploads\/2023\/12\/EMILIA-GRANDE_1.jpg","datePublished":"2023-12-25T19:42:15+00:00","dateModified":"2025-08-07T09:59:07+00:00","breadcrumb":{"@id":"https:\/\/elittesofa.mk\/sq\/produkti\/emilia-grande\/#breadcrumb"},"inLanguage":"sq-AL","potentialAction":[{"@type":"ReadAction","target":["https:\/\/elittesofa.mk\/sq\/produkti\/emilia-grande\/"]}]},{"@type":"ImageObject","inLanguage":"sq-AL","@id":"https:\/\/elittesofa.mk\/sq\/produkti\/emilia-grande\/#primaryimage","url":"https:\/\/elittesofa.mk\/wp-content\/uploads\/2023\/12\/EMILIA-GRANDE_1.jpg","contentUrl":"https:\/\/elittesofa.mk\/wp-content\/uploads\/2023\/12\/EMILIA-GRANDE_1.jpg","width":1200,"height":801,"caption":"EMILIA GRANDE \u043a\u0440\u0435\u0432\u0435\u0442 \u0437\u0430 \u0441\u043f\u0430\u043b\u043d\u0430"},{"@type":"BreadcrumbList","@id":"https:\/\/elittesofa.mk\/sq\/produkti\/emilia-grande\/#breadcrumb","itemListElement":[{"@type":"ListItem","position":1,"name":"Home","item":"https:\/\/elittesofa.mk\/sq\/"},{"@type":"ListItem","position":2,"name":"Shop","item":"https:\/\/elittesofa.mk\/sq\/shop-2\/"},{"@type":"ListItem","position":3,"name":"EMILIA GRANDE"}]},{"@type":"WebSite","@id":"https:\/\/elittesofa.mk\/sq\/#website","url":"https:\/\/elittesofa.mk\/sq\/","name":"Elitte Sofa","description":"Per Tutta La Vita","publisher":{"@id":"https:\/\/elittesofa.mk\/sq\/#organization"},"potentialAction":[{"@type":"SearchAction","target":{"@type":"EntryPoint","urlTemplate":"https:\/\/elittesofa.mk\/sq\/?s={search_term_string}"},"query-input":{"@type":"PropertyValueSpecification","valueRequired":true,"valueName":"search_term_string"}}],"inLanguage":"sq-AL"},{"@type":"Organization","@id":"https:\/\/elittesofa.mk\/sq\/#organization","name":"Elitte Sofa","url":"https:\/\/elittesofa.mk\/sq\/","logo":{"@type":"ImageObject","inLanguage":"sq-AL","@id":"https:\/\/elittesofa.mk\/sq\/#\/schema\/logo\/image\/","url":"https:\/\/elittesofa.mk\/wp-content\/uploads\/2024\/05\/ElitteSOFA-logo.png","contentUrl":"https:\/\/elittesofa.mk\/wp-content\/uploads\/2024\/05\/ElitteSOFA-logo.png","width":1340,"height":417,"caption":"Elitte Sofa"},"image":{"@id":"https:\/\/elittesofa.mk\/sq\/#\/schema\/logo\/image\/"},"sameAs":["https:\/\/www.facebook.com\/elittesofa","https:\/\/www.instagram.com\/elitte_sofa\/"]}]}},"_links":{"self":[{"href":"https:\/\/elittesofa.mk\/sq\/wp-json\/wp\/v2\/product\/2326","targetHints":{"allow":["GET"]}}],"collection":[{"href":"https:\/\/elittesofa.mk\/sq\/wp-json\/wp\/v2\/product"}],"about":[{"href":"https:\/\/elittesofa.mk\/sq\/wp-json\/wp\/v2\/types\/product"}],"wp:featuredmedia":[{"embeddable":true,"href":"https:\/\/elittesofa.mk\/sq\/wp-json\/wp\/v2\/media\/2309"}],"wp:attachment":[{"href":"https:\/\/elittesofa.mk\/sq\/wp-json\/wp\/v2\/media?parent=2326"}],"wp:term":[{"taxonomy":"product_brand","embeddable":true,"href":"https:\/\/elittesofa.mk\/sq\/wp-json\/wp\/v2\/product_brand?post=2326"},{"taxonomy":"product_cat","embeddable":true,"href":"https:\/\/elittesofa.mk\/sq\/wp-json\/wp\/v2\/product_cat?post=2326"},{"taxonomy":"product_tag","embeddable":true,"href":"https:\/\/elittesofa.mk\/sq\/wp-json\/wp\/v2\/product_tag?post=2326"}],"curies":[{"name":"wp","href":"https:\/\/api.w.org\/{rel}","templated":true}]}}