{"id":3677,"date":"2024-01-17T23:28:38","date_gmt":"2024-01-17T23:28:38","guid":{"rendered":"https:\/\/elittesofa.mk\/product\/kurb-side-table\/"},"modified":"2024-01-17T23:28:38","modified_gmt":"2024-01-17T23:28:38","slug":"kurb-side-table","status":"publish","type":"product","link":"https:\/\/elittesofa.mk\/sq\/produkti\/kurb-side-table\/","title":{"rendered":"KURB SIDE TABLE"},"content":{"rendered":"<p>Nj\u00eb tavolin\u00eb an\u00ebsore q\u00eb mund t\u00eb gjej\u00eb nj\u00eb aplikim t\u00eb gjer\u00eb n\u00eb \u00e7do dhom\u00eb. Mund t\u00eb jet\u00eb nj\u00eb tavolin\u00eb kafeje p\u00ebrpara kolltukut tuaj, ose mund t\u00eb jet\u00eb nj\u00eb komodin\u00eb pran\u00eb shtratit tuaj.<\/p>\n<p>\u00cbsht\u00eb punuar me mediapan n\u00eb ngjyr\u00eb gri mat, e cila e b\u00ebn t\u00eb leht\u00eb kombinimin n\u00eb ambientet e brendshme bashk\u00ebkohore dhe moderne.<\/p>\n","protected":false},"excerpt":{"rendered":"<p>Stranike Masika e cila mund t\u00eb gjej\u00eb nj\u00eb aplikim t\u00eb gjer\u00eb n\u00eb \u00e7do hap\u00ebsir\u00eb.<\/p>\n","protected":false},"featured_media":3666,"template":"","meta":[],"product_brand":[],"product_cat":[119],"product_tag":[],"class_list":{"0":"post-3677","1":"product","2":"type-product","3":"status-publish","4":"has-post-thumbnail","6":"product_cat-komodina","8":"first","9":"instock","10":"shipping-taxable","11":"purchasable","12":"product-type-simple"},"yoast_head":"<!-- This site is optimized with the Yoast SEO plugin v27.4 - https:\/\/yoast.com\/product\/yoast-seo-wordpress\/ -->\n<title>KURB SIDE TABLE - Elitte Sofa<\/title>\n<meta name=\"robots\" content=\"index, follow, max-snippet:-1, max-image-preview:large, max-video-preview:-1\" \/>\n<link rel=\"canonical\" href=\"https:\/\/elittesofa.mk\/sq\/produkti\/kurb-side-table\/\" \/>\n<meta property=\"og:locale\" content=\"sq_AL\" \/>\n<meta property=\"og:type\" content=\"article\" \/>\n<meta property=\"og:title\" content=\"KURB SIDE TABLE - Elitte Sofa\" \/>\n<meta property=\"og:description\" content=\"Stranike Masika e cila mund t\u00eb gjej\u00eb nj\u00eb aplikim t\u00eb gjer\u00eb n\u00eb \u00e7do hap\u00ebsir\u00eb.\" \/>\n<meta property=\"og:url\" content=\"https:\/\/elittesofa.mk\/sq\/produkti\/kurb-side-table\/\" \/>\n<meta property=\"og:site_name\" content=\"Elitte Sofa\" \/>\n<meta property=\"article:publisher\" content=\"https:\/\/www.facebook.com\/elittesofa\" \/>\n<meta property=\"og:image\" content=\"https:\/\/elittesofa.mk\/wp-content\/uploads\/2024\/01\/KURB-SIDE-TABLE_2.jpg\" \/>\n\t<meta property=\"og:image:width\" content=\"573\" \/>\n\t<meta property=\"og:image:height\" content=\"724\" \/>\n\t<meta property=\"og:image:type\" content=\"image\/jpeg\" \/>\n<meta name=\"twitter:card\" content=\"summary_large_image\" \/>\n<script type=\"application\/ld+json\" class=\"yoast-schema-graph\">{\"@context\":\"https:\\\/\\\/schema.org\",\"@graph\":[{\"@type\":\"WebPage\",\"@id\":\"https:\\\/\\\/elittesofa.mk\\\/sq\\\/produkti\\\/kurb-side-table\\\/\",\"url\":\"https:\\\/\\\/elittesofa.mk\\\/sq\\\/produkti\\\/kurb-side-table\\\/\",\"name\":\"KURB SIDE TABLE - Elitte Sofa\",\"isPartOf\":{\"@id\":\"https:\\\/\\\/elittesofa.mk\\\/sq\\\/#website\"},\"primaryImageOfPage\":{\"@id\":\"https:\\\/\\\/elittesofa.mk\\\/sq\\\/produkti\\\/kurb-side-table\\\/#primaryimage\"},\"image\":{\"@id\":\"https:\\\/\\\/elittesofa.mk\\\/sq\\\/produkti\\\/kurb-side-table\\\/#primaryimage\"},\"thumbnailUrl\":\"https:\\\/\\\/elittesofa.mk\\\/wp-content\\\/uploads\\\/2024\\\/01\\\/KURB-SIDE-TABLE_2.jpg\",\"datePublished\":\"2024-01-17T23:28:38+00:00\",\"breadcrumb\":{\"@id\":\"https:\\\/\\\/elittesofa.mk\\\/sq\\\/produkti\\\/kurb-side-table\\\/#breadcrumb\"},\"inLanguage\":\"sq-AL\",\"potentialAction\":[{\"@type\":\"ReadAction\",\"target\":[\"https:\\\/\\\/elittesofa.mk\\\/sq\\\/produkti\\\/kurb-side-table\\\/\"]}]},{\"@type\":\"ImageObject\",\"inLanguage\":\"sq-AL\",\"@id\":\"https:\\\/\\\/elittesofa.mk\\\/sq\\\/produkti\\\/kurb-side-table\\\/#primaryimage\",\"url\":\"https:\\\/\\\/elittesofa.mk\\\/wp-content\\\/uploads\\\/2024\\\/01\\\/KURB-SIDE-TABLE_2.jpg\",\"contentUrl\":\"https:\\\/\\\/elittesofa.mk\\\/wp-content\\\/uploads\\\/2024\\\/01\\\/KURB-SIDE-TABLE_2.jpg\",\"width\":573,\"height\":724},{\"@type\":\"BreadcrumbList\",\"@id\":\"https:\\\/\\\/elittesofa.mk\\\/sq\\\/produkti\\\/kurb-side-table\\\/#breadcrumb\",\"itemListElement\":[{\"@type\":\"ListItem\",\"position\":1,\"name\":\"Home\",\"item\":\"https:\\\/\\\/elittesofa.mk\\\/sq\\\/\"},{\"@type\":\"ListItem\",\"position\":2,\"name\":\"Shop\",\"item\":\"https:\\\/\\\/elittesofa.mk\\\/sq\\\/shop-2\\\/\"},{\"@type\":\"ListItem\",\"position\":3,\"name\":\"KURB SIDE TABLE\"}]},{\"@type\":\"WebSite\",\"@id\":\"https:\\\/\\\/elittesofa.mk\\\/sq\\\/#website\",\"url\":\"https:\\\/\\\/elittesofa.mk\\\/sq\\\/\",\"name\":\"Elitte Sofa\",\"description\":\"Per Tutta La Vita\",\"publisher\":{\"@id\":\"https:\\\/\\\/elittesofa.mk\\\/sq\\\/#organization\"},\"potentialAction\":[{\"@type\":\"SearchAction\",\"target\":{\"@type\":\"EntryPoint\",\"urlTemplate\":\"https:\\\/\\\/elittesofa.mk\\\/sq\\\/?s={search_term_string}\"},\"query-input\":{\"@type\":\"PropertyValueSpecification\",\"valueRequired\":true,\"valueName\":\"search_term_string\"}}],\"inLanguage\":\"sq-AL\"},{\"@type\":\"Organization\",\"@id\":\"https:\\\/\\\/elittesofa.mk\\\/sq\\\/#organization\",\"name\":\"Elitte Sofa\",\"url\":\"https:\\\/\\\/elittesofa.mk\\\/sq\\\/\",\"logo\":{\"@type\":\"ImageObject\",\"inLanguage\":\"sq-AL\",\"@id\":\"https:\\\/\\\/elittesofa.mk\\\/sq\\\/#\\\/schema\\\/logo\\\/image\\\/\",\"url\":\"https:\\\/\\\/elittesofa.mk\\\/wp-content\\\/uploads\\\/2024\\\/05\\\/ElitteSOFA-logo.png\",\"contentUrl\":\"https:\\\/\\\/elittesofa.mk\\\/wp-content\\\/uploads\\\/2024\\\/05\\\/ElitteSOFA-logo.png\",\"width\":1340,\"height\":417,\"caption\":\"Elitte Sofa\"},\"image\":{\"@id\":\"https:\\\/\\\/elittesofa.mk\\\/sq\\\/#\\\/schema\\\/logo\\\/image\\\/\"},\"sameAs\":[\"https:\\\/\\\/www.facebook.com\\\/elittesofa\",\"https:\\\/\\\/www.instagram.com\\\/elitte_sofa\\\/\"]}]}<\/script>\n<!-- \/ Yoast SEO plugin. -->","yoast_head_json":{"title":"KURB SIDE TABLE - Elitte Sofa","robots":{"index":"index","follow":"follow","max-snippet":"max-snippet:-1","max-image-preview":"max-image-preview:large","max-video-preview":"max-video-preview:-1"},"canonical":"https:\/\/elittesofa.mk\/sq\/produkti\/kurb-side-table\/","og_locale":"sq_AL","og_type":"article","og_title":"KURB SIDE TABLE - Elitte Sofa","og_description":"Stranike Masika e cila mund t\u00eb gjej\u00eb nj\u00eb aplikim t\u00eb gjer\u00eb n\u00eb \u00e7do hap\u00ebsir\u00eb.","og_url":"https:\/\/elittesofa.mk\/sq\/produkti\/kurb-side-table\/","og_site_name":"Elitte Sofa","article_publisher":"https:\/\/www.facebook.com\/elittesofa","og_image":[{"width":573,"height":724,"url":"https:\/\/elittesofa.mk\/wp-content\/uploads\/2024\/01\/KURB-SIDE-TABLE_2.jpg","type":"image\/jpeg"}],"twitter_card":"summary_large_image","schema":{"@context":"https:\/\/schema.org","@graph":[{"@type":"WebPage","@id":"https:\/\/elittesofa.mk\/sq\/produkti\/kurb-side-table\/","url":"https:\/\/elittesofa.mk\/sq\/produkti\/kurb-side-table\/","name":"KURB SIDE TABLE - Elitte Sofa","isPartOf":{"@id":"https:\/\/elittesofa.mk\/sq\/#website"},"primaryImageOfPage":{"@id":"https:\/\/elittesofa.mk\/sq\/produkti\/kurb-side-table\/#primaryimage"},"image":{"@id":"https:\/\/elittesofa.mk\/sq\/produkti\/kurb-side-table\/#primaryimage"},"thumbnailUrl":"https:\/\/elittesofa.mk\/wp-content\/uploads\/2024\/01\/KURB-SIDE-TABLE_2.jpg","datePublished":"2024-01-17T23:28:38+00:00","breadcrumb":{"@id":"https:\/\/elittesofa.mk\/sq\/produkti\/kurb-side-table\/#breadcrumb"},"inLanguage":"sq-AL","potentialAction":[{"@type":"ReadAction","target":["https:\/\/elittesofa.mk\/sq\/produkti\/kurb-side-table\/"]}]},{"@type":"ImageObject","inLanguage":"sq-AL","@id":"https:\/\/elittesofa.mk\/sq\/produkti\/kurb-side-table\/#primaryimage","url":"https:\/\/elittesofa.mk\/wp-content\/uploads\/2024\/01\/KURB-SIDE-TABLE_2.jpg","contentUrl":"https:\/\/elittesofa.mk\/wp-content\/uploads\/2024\/01\/KURB-SIDE-TABLE_2.jpg","width":573,"height":724},{"@type":"BreadcrumbList","@id":"https:\/\/elittesofa.mk\/sq\/produkti\/kurb-side-table\/#breadcrumb","itemListElement":[{"@type":"ListItem","position":1,"name":"Home","item":"https:\/\/elittesofa.mk\/sq\/"},{"@type":"ListItem","position":2,"name":"Shop","item":"https:\/\/elittesofa.mk\/sq\/shop-2\/"},{"@type":"ListItem","position":3,"name":"KURB SIDE TABLE"}]},{"@type":"WebSite","@id":"https:\/\/elittesofa.mk\/sq\/#website","url":"https:\/\/elittesofa.mk\/sq\/","name":"Elitte Sofa","description":"Per Tutta La Vita","publisher":{"@id":"https:\/\/elittesofa.mk\/sq\/#organization"},"potentialAction":[{"@type":"SearchAction","target":{"@type":"EntryPoint","urlTemplate":"https:\/\/elittesofa.mk\/sq\/?s={search_term_string}"},"query-input":{"@type":"PropertyValueSpecification","valueRequired":true,"valueName":"search_term_string"}}],"inLanguage":"sq-AL"},{"@type":"Organization","@id":"https:\/\/elittesofa.mk\/sq\/#organization","name":"Elitte Sofa","url":"https:\/\/elittesofa.mk\/sq\/","logo":{"@type":"ImageObject","inLanguage":"sq-AL","@id":"https:\/\/elittesofa.mk\/sq\/#\/schema\/logo\/image\/","url":"https:\/\/elittesofa.mk\/wp-content\/uploads\/2024\/05\/ElitteSOFA-logo.png","contentUrl":"https:\/\/elittesofa.mk\/wp-content\/uploads\/2024\/05\/ElitteSOFA-logo.png","width":1340,"height":417,"caption":"Elitte Sofa"},"image":{"@id":"https:\/\/elittesofa.mk\/sq\/#\/schema\/logo\/image\/"},"sameAs":["https:\/\/www.facebook.com\/elittesofa","https:\/\/www.instagram.com\/elitte_sofa\/"]}]}},"_links":{"self":[{"href":"https:\/\/elittesofa.mk\/sq\/wp-json\/wp\/v2\/product\/3677","targetHints":{"allow":["GET"]}}],"collection":[{"href":"https:\/\/elittesofa.mk\/sq\/wp-json\/wp\/v2\/product"}],"about":[{"href":"https:\/\/elittesofa.mk\/sq\/wp-json\/wp\/v2\/types\/product"}],"wp:featuredmedia":[{"embeddable":true,"href":"https:\/\/elittesofa.mk\/sq\/wp-json\/wp\/v2\/media\/3666"}],"wp:attachment":[{"href":"https:\/\/elittesofa.mk\/sq\/wp-json\/wp\/v2\/media?parent=3677"}],"wp:term":[{"taxonomy":"product_brand","embeddable":true,"href":"https:\/\/elittesofa.mk\/sq\/wp-json\/wp\/v2\/product_brand?post=3677"},{"taxonomy":"product_cat","embeddable":true,"href":"https:\/\/elittesofa.mk\/sq\/wp-json\/wp\/v2\/product_cat?post=3677"},{"taxonomy":"product_tag","embeddable":true,"href":"https:\/\/elittesofa.mk\/sq\/wp-json\/wp\/v2\/product_tag?post=3677"}],"curies":[{"name":"wp","href":"https:\/\/api.w.org\/{rel}","templated":true}]}}