{"id":4832,"date":"2024-01-19T18:07:42","date_gmt":"2024-01-19T18:07:42","guid":{"rendered":"https:\/\/elittesofa.mk\/product\/adah-synthetic-leather-antracite\/"},"modified":"2024-01-19T18:07:42","modified_gmt":"2024-01-19T18:07:42","slug":"adah-synthetic-leather-antracite","status":"publish","type":"product","link":"https:\/\/elittesofa.mk\/sq\/produkti\/adah-synthetic-leather-antracite\/","title":{"rendered":"ADAH SYNTHETIC LEATHER ANTRACITE"},"content":{"rendered":"<p>Nj\u00eb karrige e rehatshme ngr\u00ebnieje q\u00eb mund t\u00eb b\u00ebhet n\u00eb 5 dizajne, tre nuanca l\u00ebkure eko ose dy lloje p\u00eblhure. Pavar\u00ebsisht se cilin material zgjidhni, materialet jan\u00eb t\u00eb lehta p\u00ebr t&#8217;u mir\u00ebmbajtur dhe ju do t\u00eb mund t\u00eb shijoni ushqimet tuaja pa shqet\u00ebsime.<\/p>\n<p>K\u00ebmb\u00eb metalike me ngjyr\u00eb t\u00eb zez\u00eb dhe mat.<\/p>\n<p>Mbrojt\u00ebse plastike p\u00ebr t\u00eb mbrojtur dyshemen\u00eb nga d\u00ebmtimi.<\/p>\n","protected":false},"excerpt":{"rendered":"<p>Karrige e ngr\u00ebnies prej l\u00ebkure sintetike, e disponueshme n\u00eb tre nuanca.<\/p>\n","protected":false},"featured_media":4821,"template":"","meta":[],"product_brand":[],"product_cat":[103,150],"product_tag":[],"class_list":{"0":"post-4832","1":"product","2":"type-product","3":"status-publish","4":"has-post-thumbnail","6":"product_cat-karrige","7":"product_cat-karrige-ngrenieje","9":"first","10":"instock","11":"shipping-taxable","12":"purchasable","13":"product-type-simple"},"yoast_head":"<!-- This site is optimized with the Yoast SEO plugin v27.4 - https:\/\/yoast.com\/product\/yoast-seo-wordpress\/ -->\n<title>ADAH SYNTHETIC LEATHER ANTRACITE - Elitte Sofa<\/title>\n<meta name=\"robots\" content=\"index, follow, max-snippet:-1, max-image-preview:large, max-video-preview:-1\" \/>\n<link rel=\"canonical\" href=\"https:\/\/elittesofa.mk\/sq\/produkti\/adah-synthetic-leather-antracite\/\" \/>\n<meta property=\"og:locale\" content=\"sq_AL\" \/>\n<meta property=\"og:type\" content=\"article\" \/>\n<meta property=\"og:title\" content=\"ADAH SYNTHETIC LEATHER ANTRACITE - Elitte Sofa\" \/>\n<meta property=\"og:description\" content=\"Karrige e ngr\u00ebnies prej l\u00ebkure sintetike, e disponueshme n\u00eb tre nuanca.\" \/>\n<meta property=\"og:url\" content=\"https:\/\/elittesofa.mk\/sq\/produkti\/adah-synthetic-leather-antracite\/\" \/>\n<meta property=\"og:site_name\" content=\"Elitte Sofa\" \/>\n<meta property=\"article:publisher\" content=\"https:\/\/www.facebook.com\/elittesofa\" \/>\n<meta property=\"og:image\" content=\"https:\/\/elittesofa.mk\/wp-content\/uploads\/2024\/01\/ADAH-SYNTHETIC-LEATHER-ANTRACITE2.jpg\" \/>\n\t<meta property=\"og:image:width\" content=\"572\" \/>\n\t<meta property=\"og:image:height\" content=\"710\" \/>\n\t<meta property=\"og:image:type\" content=\"image\/jpeg\" \/>\n<meta name=\"twitter:card\" content=\"summary_large_image\" \/>\n<script type=\"application\/ld+json\" class=\"yoast-schema-graph\">{\"@context\":\"https:\\\/\\\/schema.org\",\"@graph\":[{\"@type\":\"WebPage\",\"@id\":\"https:\\\/\\\/elittesofa.mk\\\/sq\\\/produkti\\\/adah-synthetic-leather-antracite\\\/\",\"url\":\"https:\\\/\\\/elittesofa.mk\\\/sq\\\/produkti\\\/adah-synthetic-leather-antracite\\\/\",\"name\":\"ADAH SYNTHETIC LEATHER ANTRACITE - Elitte Sofa\",\"isPartOf\":{\"@id\":\"https:\\\/\\\/elittesofa.mk\\\/sq\\\/#website\"},\"primaryImageOfPage\":{\"@id\":\"https:\\\/\\\/elittesofa.mk\\\/sq\\\/produkti\\\/adah-synthetic-leather-antracite\\\/#primaryimage\"},\"image\":{\"@id\":\"https:\\\/\\\/elittesofa.mk\\\/sq\\\/produkti\\\/adah-synthetic-leather-antracite\\\/#primaryimage\"},\"thumbnailUrl\":\"https:\\\/\\\/elittesofa.mk\\\/wp-content\\\/uploads\\\/2024\\\/01\\\/ADAH-SYNTHETIC-LEATHER-ANTRACITE2.jpg\",\"datePublished\":\"2024-01-19T18:07:42+00:00\",\"breadcrumb\":{\"@id\":\"https:\\\/\\\/elittesofa.mk\\\/sq\\\/produkti\\\/adah-synthetic-leather-antracite\\\/#breadcrumb\"},\"inLanguage\":\"sq-AL\",\"potentialAction\":[{\"@type\":\"ReadAction\",\"target\":[\"https:\\\/\\\/elittesofa.mk\\\/sq\\\/produkti\\\/adah-synthetic-leather-antracite\\\/\"]}]},{\"@type\":\"ImageObject\",\"inLanguage\":\"sq-AL\",\"@id\":\"https:\\\/\\\/elittesofa.mk\\\/sq\\\/produkti\\\/adah-synthetic-leather-antracite\\\/#primaryimage\",\"url\":\"https:\\\/\\\/elittesofa.mk\\\/wp-content\\\/uploads\\\/2024\\\/01\\\/ADAH-SYNTHETIC-LEATHER-ANTRACITE2.jpg\",\"contentUrl\":\"https:\\\/\\\/elittesofa.mk\\\/wp-content\\\/uploads\\\/2024\\\/01\\\/ADAH-SYNTHETIC-LEATHER-ANTRACITE2.jpg\",\"width\":572,\"height\":710},{\"@type\":\"BreadcrumbList\",\"@id\":\"https:\\\/\\\/elittesofa.mk\\\/sq\\\/produkti\\\/adah-synthetic-leather-antracite\\\/#breadcrumb\",\"itemListElement\":[{\"@type\":\"ListItem\",\"position\":1,\"name\":\"Home\",\"item\":\"https:\\\/\\\/elittesofa.mk\\\/sq\\\/\"},{\"@type\":\"ListItem\",\"position\":2,\"name\":\"Shop\",\"item\":\"https:\\\/\\\/elittesofa.mk\\\/sq\\\/shop-2\\\/\"},{\"@type\":\"ListItem\",\"position\":3,\"name\":\"ADAH SYNTHETIC LEATHER ANTRACITE\"}]},{\"@type\":\"WebSite\",\"@id\":\"https:\\\/\\\/elittesofa.mk\\\/sq\\\/#website\",\"url\":\"https:\\\/\\\/elittesofa.mk\\\/sq\\\/\",\"name\":\"Elitte Sofa\",\"description\":\"Per Tutta La Vita\",\"publisher\":{\"@id\":\"https:\\\/\\\/elittesofa.mk\\\/sq\\\/#organization\"},\"potentialAction\":[{\"@type\":\"SearchAction\",\"target\":{\"@type\":\"EntryPoint\",\"urlTemplate\":\"https:\\\/\\\/elittesofa.mk\\\/sq\\\/?s={search_term_string}\"},\"query-input\":{\"@type\":\"PropertyValueSpecification\",\"valueRequired\":true,\"valueName\":\"search_term_string\"}}],\"inLanguage\":\"sq-AL\"},{\"@type\":\"Organization\",\"@id\":\"https:\\\/\\\/elittesofa.mk\\\/sq\\\/#organization\",\"name\":\"Elitte Sofa\",\"url\":\"https:\\\/\\\/elittesofa.mk\\\/sq\\\/\",\"logo\":{\"@type\":\"ImageObject\",\"inLanguage\":\"sq-AL\",\"@id\":\"https:\\\/\\\/elittesofa.mk\\\/sq\\\/#\\\/schema\\\/logo\\\/image\\\/\",\"url\":\"https:\\\/\\\/elittesofa.mk\\\/wp-content\\\/uploads\\\/2024\\\/05\\\/ElitteSOFA-logo.png\",\"contentUrl\":\"https:\\\/\\\/elittesofa.mk\\\/wp-content\\\/uploads\\\/2024\\\/05\\\/ElitteSOFA-logo.png\",\"width\":1340,\"height\":417,\"caption\":\"Elitte Sofa\"},\"image\":{\"@id\":\"https:\\\/\\\/elittesofa.mk\\\/sq\\\/#\\\/schema\\\/logo\\\/image\\\/\"},\"sameAs\":[\"https:\\\/\\\/www.facebook.com\\\/elittesofa\",\"https:\\\/\\\/www.instagram.com\\\/elitte_sofa\\\/\"]}]}<\/script>\n<!-- \/ Yoast SEO plugin. -->","yoast_head_json":{"title":"ADAH SYNTHETIC LEATHER ANTRACITE - Elitte Sofa","robots":{"index":"index","follow":"follow","max-snippet":"max-snippet:-1","max-image-preview":"max-image-preview:large","max-video-preview":"max-video-preview:-1"},"canonical":"https:\/\/elittesofa.mk\/sq\/produkti\/adah-synthetic-leather-antracite\/","og_locale":"sq_AL","og_type":"article","og_title":"ADAH SYNTHETIC LEATHER ANTRACITE - Elitte Sofa","og_description":"Karrige e ngr\u00ebnies prej l\u00ebkure sintetike, e disponueshme n\u00eb tre nuanca.","og_url":"https:\/\/elittesofa.mk\/sq\/produkti\/adah-synthetic-leather-antracite\/","og_site_name":"Elitte Sofa","article_publisher":"https:\/\/www.facebook.com\/elittesofa","og_image":[{"width":572,"height":710,"url":"https:\/\/elittesofa.mk\/wp-content\/uploads\/2024\/01\/ADAH-SYNTHETIC-LEATHER-ANTRACITE2.jpg","type":"image\/jpeg"}],"twitter_card":"summary_large_image","schema":{"@context":"https:\/\/schema.org","@graph":[{"@type":"WebPage","@id":"https:\/\/elittesofa.mk\/sq\/produkti\/adah-synthetic-leather-antracite\/","url":"https:\/\/elittesofa.mk\/sq\/produkti\/adah-synthetic-leather-antracite\/","name":"ADAH SYNTHETIC LEATHER ANTRACITE - Elitte Sofa","isPartOf":{"@id":"https:\/\/elittesofa.mk\/sq\/#website"},"primaryImageOfPage":{"@id":"https:\/\/elittesofa.mk\/sq\/produkti\/adah-synthetic-leather-antracite\/#primaryimage"},"image":{"@id":"https:\/\/elittesofa.mk\/sq\/produkti\/adah-synthetic-leather-antracite\/#primaryimage"},"thumbnailUrl":"https:\/\/elittesofa.mk\/wp-content\/uploads\/2024\/01\/ADAH-SYNTHETIC-LEATHER-ANTRACITE2.jpg","datePublished":"2024-01-19T18:07:42+00:00","breadcrumb":{"@id":"https:\/\/elittesofa.mk\/sq\/produkti\/adah-synthetic-leather-antracite\/#breadcrumb"},"inLanguage":"sq-AL","potentialAction":[{"@type":"ReadAction","target":["https:\/\/elittesofa.mk\/sq\/produkti\/adah-synthetic-leather-antracite\/"]}]},{"@type":"ImageObject","inLanguage":"sq-AL","@id":"https:\/\/elittesofa.mk\/sq\/produkti\/adah-synthetic-leather-antracite\/#primaryimage","url":"https:\/\/elittesofa.mk\/wp-content\/uploads\/2024\/01\/ADAH-SYNTHETIC-LEATHER-ANTRACITE2.jpg","contentUrl":"https:\/\/elittesofa.mk\/wp-content\/uploads\/2024\/01\/ADAH-SYNTHETIC-LEATHER-ANTRACITE2.jpg","width":572,"height":710},{"@type":"BreadcrumbList","@id":"https:\/\/elittesofa.mk\/sq\/produkti\/adah-synthetic-leather-antracite\/#breadcrumb","itemListElement":[{"@type":"ListItem","position":1,"name":"Home","item":"https:\/\/elittesofa.mk\/sq\/"},{"@type":"ListItem","position":2,"name":"Shop","item":"https:\/\/elittesofa.mk\/sq\/shop-2\/"},{"@type":"ListItem","position":3,"name":"ADAH SYNTHETIC LEATHER ANTRACITE"}]},{"@type":"WebSite","@id":"https:\/\/elittesofa.mk\/sq\/#website","url":"https:\/\/elittesofa.mk\/sq\/","name":"Elitte Sofa","description":"Per Tutta La Vita","publisher":{"@id":"https:\/\/elittesofa.mk\/sq\/#organization"},"potentialAction":[{"@type":"SearchAction","target":{"@type":"EntryPoint","urlTemplate":"https:\/\/elittesofa.mk\/sq\/?s={search_term_string}"},"query-input":{"@type":"PropertyValueSpecification","valueRequired":true,"valueName":"search_term_string"}}],"inLanguage":"sq-AL"},{"@type":"Organization","@id":"https:\/\/elittesofa.mk\/sq\/#organization","name":"Elitte Sofa","url":"https:\/\/elittesofa.mk\/sq\/","logo":{"@type":"ImageObject","inLanguage":"sq-AL","@id":"https:\/\/elittesofa.mk\/sq\/#\/schema\/logo\/image\/","url":"https:\/\/elittesofa.mk\/wp-content\/uploads\/2024\/05\/ElitteSOFA-logo.png","contentUrl":"https:\/\/elittesofa.mk\/wp-content\/uploads\/2024\/05\/ElitteSOFA-logo.png","width":1340,"height":417,"caption":"Elitte Sofa"},"image":{"@id":"https:\/\/elittesofa.mk\/sq\/#\/schema\/logo\/image\/"},"sameAs":["https:\/\/www.facebook.com\/elittesofa","https:\/\/www.instagram.com\/elitte_sofa\/"]}]}},"_links":{"self":[{"href":"https:\/\/elittesofa.mk\/sq\/wp-json\/wp\/v2\/product\/4832","targetHints":{"allow":["GET"]}}],"collection":[{"href":"https:\/\/elittesofa.mk\/sq\/wp-json\/wp\/v2\/product"}],"about":[{"href":"https:\/\/elittesofa.mk\/sq\/wp-json\/wp\/v2\/types\/product"}],"wp:featuredmedia":[{"embeddable":true,"href":"https:\/\/elittesofa.mk\/sq\/wp-json\/wp\/v2\/media\/4821"}],"wp:attachment":[{"href":"https:\/\/elittesofa.mk\/sq\/wp-json\/wp\/v2\/media?parent=4832"}],"wp:term":[{"taxonomy":"product_brand","embeddable":true,"href":"https:\/\/elittesofa.mk\/sq\/wp-json\/wp\/v2\/product_brand?post=4832"},{"taxonomy":"product_cat","embeddable":true,"href":"https:\/\/elittesofa.mk\/sq\/wp-json\/wp\/v2\/product_cat?post=4832"},{"taxonomy":"product_tag","embeddable":true,"href":"https:\/\/elittesofa.mk\/sq\/wp-json\/wp\/v2\/product_tag?post=4832"}],"curies":[{"name":"wp","href":"https:\/\/api.w.org\/{rel}","templated":true}]}}