{"id":6876,"date":"2024-01-20T22:15:31","date_gmt":"2024-01-20T22:15:31","guid":{"rendered":"https:\/\/elittesofa.mk\/product\/mosi-coffee-table\/"},"modified":"2024-01-20T22:15:31","modified_gmt":"2024-01-20T22:15:31","slug":"mosi-coffee-table","status":"publish","type":"product","link":"https:\/\/elittesofa.mk\/sq\/produkti\/mosi-coffee-table\/","title":{"rendered":"MOSI COFFEE TABLE"},"content":{"rendered":"<p>Direkt nga natyra, tavolina e klubit MOSI do t\u00eb sjell\u00eb shum\u00eb ngroht\u00ebsi dhe energji pozitive n\u00eb brend\u00ebsin\u00eb tuaj. Pjesa e pasme e saj minimale jep nj\u00eb bukuri t\u00eb ve\u00e7ant\u00eb, duke mbajtur t\u00eb gjitha ngjyrat natyrale t\u00eb drurit, dhe t\u00eb gjitha shenjat dhe \u00e7arjet natyrale t\u00eb vet\u00eb cop\u00ebs s\u00eb drurit, t\u00eb cilat i japin nj\u00eb autenticitet dhe bukuri t\u00eb ve\u00e7ant\u00eb \u00e7do tavoline kafeje Mosi. Kjo \u00ebsht\u00eb arsyeja pse nuk ka dy tavolina identike dhe secila ka karakterin dhe bukurin\u00eb e vet. Tavolina e kafes\u00eb \u00ebsht\u00eb prej druri t\u00eb certifikuar nga zona pyjore t\u00eb q\u00ebndrueshme dhe t\u00eb kontrolluara.<\/p>\n","protected":false},"excerpt":{"rendered":"<p>Tavolin\u00eb klubi prej druri t\u00eb fort\u00eb mungur, \u00d8 90 x 60 cm.<\/p>\n","protected":false},"featured_media":6852,"template":"","meta":[],"product_brand":[],"product_cat":[125],"product_tag":[],"class_list":{"0":"post-6876","1":"product","2":"type-product","3":"status-publish","4":"has-post-thumbnail","6":"product_cat-tavolina-kafeje","8":"first","9":"instock","10":"shipping-taxable","11":"purchasable","12":"product-type-simple"},"yoast_head":"<!-- This site is optimized with the Yoast SEO plugin v27.4 - https:\/\/yoast.com\/product\/yoast-seo-wordpress\/ -->\n<title>MOSI COFFEE TABLE - Elitte Sofa<\/title>\n<meta name=\"robots\" content=\"index, follow, max-snippet:-1, max-image-preview:large, max-video-preview:-1\" \/>\n<link rel=\"canonical\" href=\"https:\/\/elittesofa.mk\/sq\/produkti\/mosi-coffee-table\/\" \/>\n<meta property=\"og:locale\" content=\"sq_AL\" \/>\n<meta property=\"og:type\" content=\"article\" \/>\n<meta property=\"og:title\" content=\"MOSI COFFEE TABLE - Elitte Sofa\" \/>\n<meta property=\"og:description\" content=\"Tavolin\u00eb klubi prej druri t\u00eb fort\u00eb mungur, \u00d8 90 x 60 cm.\" \/>\n<meta property=\"og:url\" content=\"https:\/\/elittesofa.mk\/sq\/produkti\/mosi-coffee-table\/\" \/>\n<meta property=\"og:site_name\" content=\"Elitte Sofa\" \/>\n<meta property=\"article:publisher\" content=\"https:\/\/www.facebook.com\/elittesofa\" \/>\n<meta property=\"og:image\" content=\"https:\/\/elittesofa.mk\/wp-content\/uploads\/2024\/01\/MOSI-COFFEE-TABLE3.jpg\" \/>\n\t<meta property=\"og:image:width\" content=\"593\" \/>\n\t<meta property=\"og:image:height\" content=\"747\" \/>\n\t<meta property=\"og:image:type\" content=\"image\/jpeg\" \/>\n<meta name=\"twitter:card\" content=\"summary_large_image\" \/>\n<meta name=\"twitter:label1\" content=\"Est. reading time\" \/>\n\t<meta name=\"twitter:data1\" content=\"1 minute\" \/>\n<script type=\"application\/ld+json\" class=\"yoast-schema-graph\">{\"@context\":\"https:\\\/\\\/schema.org\",\"@graph\":[{\"@type\":\"WebPage\",\"@id\":\"https:\\\/\\\/elittesofa.mk\\\/sq\\\/produkti\\\/mosi-coffee-table\\\/\",\"url\":\"https:\\\/\\\/elittesofa.mk\\\/sq\\\/produkti\\\/mosi-coffee-table\\\/\",\"name\":\"MOSI COFFEE TABLE - Elitte Sofa\",\"isPartOf\":{\"@id\":\"https:\\\/\\\/elittesofa.mk\\\/sq\\\/#website\"},\"primaryImageOfPage\":{\"@id\":\"https:\\\/\\\/elittesofa.mk\\\/sq\\\/produkti\\\/mosi-coffee-table\\\/#primaryimage\"},\"image\":{\"@id\":\"https:\\\/\\\/elittesofa.mk\\\/sq\\\/produkti\\\/mosi-coffee-table\\\/#primaryimage\"},\"thumbnailUrl\":\"https:\\\/\\\/elittesofa.mk\\\/wp-content\\\/uploads\\\/2024\\\/01\\\/MOSI-COFFEE-TABLE3.jpg\",\"datePublished\":\"2024-01-20T22:15:31+00:00\",\"breadcrumb\":{\"@id\":\"https:\\\/\\\/elittesofa.mk\\\/sq\\\/produkti\\\/mosi-coffee-table\\\/#breadcrumb\"},\"inLanguage\":\"sq-AL\",\"potentialAction\":[{\"@type\":\"ReadAction\",\"target\":[\"https:\\\/\\\/elittesofa.mk\\\/sq\\\/produkti\\\/mosi-coffee-table\\\/\"]}]},{\"@type\":\"ImageObject\",\"inLanguage\":\"sq-AL\",\"@id\":\"https:\\\/\\\/elittesofa.mk\\\/sq\\\/produkti\\\/mosi-coffee-table\\\/#primaryimage\",\"url\":\"https:\\\/\\\/elittesofa.mk\\\/wp-content\\\/uploads\\\/2024\\\/01\\\/MOSI-COFFEE-TABLE3.jpg\",\"contentUrl\":\"https:\\\/\\\/elittesofa.mk\\\/wp-content\\\/uploads\\\/2024\\\/01\\\/MOSI-COFFEE-TABLE3.jpg\",\"width\":593,\"height\":747},{\"@type\":\"BreadcrumbList\",\"@id\":\"https:\\\/\\\/elittesofa.mk\\\/sq\\\/produkti\\\/mosi-coffee-table\\\/#breadcrumb\",\"itemListElement\":[{\"@type\":\"ListItem\",\"position\":1,\"name\":\"Home\",\"item\":\"https:\\\/\\\/elittesofa.mk\\\/sq\\\/\"},{\"@type\":\"ListItem\",\"position\":2,\"name\":\"Shop\",\"item\":\"https:\\\/\\\/elittesofa.mk\\\/sq\\\/shop-2\\\/\"},{\"@type\":\"ListItem\",\"position\":3,\"name\":\"MOSI COFFEE TABLE\"}]},{\"@type\":\"WebSite\",\"@id\":\"https:\\\/\\\/elittesofa.mk\\\/sq\\\/#website\",\"url\":\"https:\\\/\\\/elittesofa.mk\\\/sq\\\/\",\"name\":\"Elitte Sofa\",\"description\":\"Per Tutta La Vita\",\"publisher\":{\"@id\":\"https:\\\/\\\/elittesofa.mk\\\/sq\\\/#organization\"},\"potentialAction\":[{\"@type\":\"SearchAction\",\"target\":{\"@type\":\"EntryPoint\",\"urlTemplate\":\"https:\\\/\\\/elittesofa.mk\\\/sq\\\/?s={search_term_string}\"},\"query-input\":{\"@type\":\"PropertyValueSpecification\",\"valueRequired\":true,\"valueName\":\"search_term_string\"}}],\"inLanguage\":\"sq-AL\"},{\"@type\":\"Organization\",\"@id\":\"https:\\\/\\\/elittesofa.mk\\\/sq\\\/#organization\",\"name\":\"Elitte Sofa\",\"url\":\"https:\\\/\\\/elittesofa.mk\\\/sq\\\/\",\"logo\":{\"@type\":\"ImageObject\",\"inLanguage\":\"sq-AL\",\"@id\":\"https:\\\/\\\/elittesofa.mk\\\/sq\\\/#\\\/schema\\\/logo\\\/image\\\/\",\"url\":\"https:\\\/\\\/elittesofa.mk\\\/wp-content\\\/uploads\\\/2024\\\/05\\\/ElitteSOFA-logo.png\",\"contentUrl\":\"https:\\\/\\\/elittesofa.mk\\\/wp-content\\\/uploads\\\/2024\\\/05\\\/ElitteSOFA-logo.png\",\"width\":1340,\"height\":417,\"caption\":\"Elitte Sofa\"},\"image\":{\"@id\":\"https:\\\/\\\/elittesofa.mk\\\/sq\\\/#\\\/schema\\\/logo\\\/image\\\/\"},\"sameAs\":[\"https:\\\/\\\/www.facebook.com\\\/elittesofa\",\"https:\\\/\\\/www.instagram.com\\\/elitte_sofa\\\/\"]}]}<\/script>\n<!-- \/ Yoast SEO plugin. -->","yoast_head_json":{"title":"MOSI COFFEE TABLE - Elitte Sofa","robots":{"index":"index","follow":"follow","max-snippet":"max-snippet:-1","max-image-preview":"max-image-preview:large","max-video-preview":"max-video-preview:-1"},"canonical":"https:\/\/elittesofa.mk\/sq\/produkti\/mosi-coffee-table\/","og_locale":"sq_AL","og_type":"article","og_title":"MOSI COFFEE TABLE - Elitte Sofa","og_description":"Tavolin\u00eb klubi prej druri t\u00eb fort\u00eb mungur, \u00d8 90 x 60 cm.","og_url":"https:\/\/elittesofa.mk\/sq\/produkti\/mosi-coffee-table\/","og_site_name":"Elitte Sofa","article_publisher":"https:\/\/www.facebook.com\/elittesofa","og_image":[{"width":593,"height":747,"url":"https:\/\/elittesofa.mk\/wp-content\/uploads\/2024\/01\/MOSI-COFFEE-TABLE3.jpg","type":"image\/jpeg"}],"twitter_card":"summary_large_image","twitter_misc":{"Est. reading time":"1 minute"},"schema":{"@context":"https:\/\/schema.org","@graph":[{"@type":"WebPage","@id":"https:\/\/elittesofa.mk\/sq\/produkti\/mosi-coffee-table\/","url":"https:\/\/elittesofa.mk\/sq\/produkti\/mosi-coffee-table\/","name":"MOSI COFFEE TABLE - Elitte Sofa","isPartOf":{"@id":"https:\/\/elittesofa.mk\/sq\/#website"},"primaryImageOfPage":{"@id":"https:\/\/elittesofa.mk\/sq\/produkti\/mosi-coffee-table\/#primaryimage"},"image":{"@id":"https:\/\/elittesofa.mk\/sq\/produkti\/mosi-coffee-table\/#primaryimage"},"thumbnailUrl":"https:\/\/elittesofa.mk\/wp-content\/uploads\/2024\/01\/MOSI-COFFEE-TABLE3.jpg","datePublished":"2024-01-20T22:15:31+00:00","breadcrumb":{"@id":"https:\/\/elittesofa.mk\/sq\/produkti\/mosi-coffee-table\/#breadcrumb"},"inLanguage":"sq-AL","potentialAction":[{"@type":"ReadAction","target":["https:\/\/elittesofa.mk\/sq\/produkti\/mosi-coffee-table\/"]}]},{"@type":"ImageObject","inLanguage":"sq-AL","@id":"https:\/\/elittesofa.mk\/sq\/produkti\/mosi-coffee-table\/#primaryimage","url":"https:\/\/elittesofa.mk\/wp-content\/uploads\/2024\/01\/MOSI-COFFEE-TABLE3.jpg","contentUrl":"https:\/\/elittesofa.mk\/wp-content\/uploads\/2024\/01\/MOSI-COFFEE-TABLE3.jpg","width":593,"height":747},{"@type":"BreadcrumbList","@id":"https:\/\/elittesofa.mk\/sq\/produkti\/mosi-coffee-table\/#breadcrumb","itemListElement":[{"@type":"ListItem","position":1,"name":"Home","item":"https:\/\/elittesofa.mk\/sq\/"},{"@type":"ListItem","position":2,"name":"Shop","item":"https:\/\/elittesofa.mk\/sq\/shop-2\/"},{"@type":"ListItem","position":3,"name":"MOSI COFFEE TABLE"}]},{"@type":"WebSite","@id":"https:\/\/elittesofa.mk\/sq\/#website","url":"https:\/\/elittesofa.mk\/sq\/","name":"Elitte Sofa","description":"Per Tutta La Vita","publisher":{"@id":"https:\/\/elittesofa.mk\/sq\/#organization"},"potentialAction":[{"@type":"SearchAction","target":{"@type":"EntryPoint","urlTemplate":"https:\/\/elittesofa.mk\/sq\/?s={search_term_string}"},"query-input":{"@type":"PropertyValueSpecification","valueRequired":true,"valueName":"search_term_string"}}],"inLanguage":"sq-AL"},{"@type":"Organization","@id":"https:\/\/elittesofa.mk\/sq\/#organization","name":"Elitte Sofa","url":"https:\/\/elittesofa.mk\/sq\/","logo":{"@type":"ImageObject","inLanguage":"sq-AL","@id":"https:\/\/elittesofa.mk\/sq\/#\/schema\/logo\/image\/","url":"https:\/\/elittesofa.mk\/wp-content\/uploads\/2024\/05\/ElitteSOFA-logo.png","contentUrl":"https:\/\/elittesofa.mk\/wp-content\/uploads\/2024\/05\/ElitteSOFA-logo.png","width":1340,"height":417,"caption":"Elitte Sofa"},"image":{"@id":"https:\/\/elittesofa.mk\/sq\/#\/schema\/logo\/image\/"},"sameAs":["https:\/\/www.facebook.com\/elittesofa","https:\/\/www.instagram.com\/elitte_sofa\/"]}]}},"_links":{"self":[{"href":"https:\/\/elittesofa.mk\/sq\/wp-json\/wp\/v2\/product\/6876","targetHints":{"allow":["GET"]}}],"collection":[{"href":"https:\/\/elittesofa.mk\/sq\/wp-json\/wp\/v2\/product"}],"about":[{"href":"https:\/\/elittesofa.mk\/sq\/wp-json\/wp\/v2\/types\/product"}],"wp:featuredmedia":[{"embeddable":true,"href":"https:\/\/elittesofa.mk\/sq\/wp-json\/wp\/v2\/media\/6852"}],"wp:attachment":[{"href":"https:\/\/elittesofa.mk\/sq\/wp-json\/wp\/v2\/media?parent=6876"}],"wp:term":[{"taxonomy":"product_brand","embeddable":true,"href":"https:\/\/elittesofa.mk\/sq\/wp-json\/wp\/v2\/product_brand?post=6876"},{"taxonomy":"product_cat","embeddable":true,"href":"https:\/\/elittesofa.mk\/sq\/wp-json\/wp\/v2\/product_cat?post=6876"},{"taxonomy":"product_tag","embeddable":true,"href":"https:\/\/elittesofa.mk\/sq\/wp-json\/wp\/v2\/product_tag?post=6876"}],"curies":[{"name":"wp","href":"https:\/\/api.w.org\/{rel}","templated":true}]}}