{"id":7184,"date":"2023-12-10T16:34:59","date_gmt":"2023-12-10T16:34:59","guid":{"rendered":"https:\/\/elittesofa.mk\/product\/delsie-bedside-table\/"},"modified":"2023-12-10T16:34:59","modified_gmt":"2023-12-10T16:34:59","slug":"delsie-bedside-table","status":"publish","type":"product","link":"https:\/\/elittesofa.mk\/sq\/produkti\/delsie-bedside-table\/","title":{"rendered":"DELSIE BEDSIDE TABLE"},"content":{"rendered":"<p>Komodina me dekorim natyral, prej druri natyral akacie. Nj\u00eb mobilie e punuar me dor\u00eb me detaje dekorative 3D n\u00eb dyer. K\u00ebmb\u00ebt jan\u00eb t\u00eb zeza, metalike, t\u00eb cilat kombinohen n\u00eb m\u00ebnyr\u00eb perfekte me bukurin\u00eb natyrore t\u00eb drurit. N\u00ebse po k\u00ebrkoni nj\u00eb mobilje ekskluzive &#8211; e gjet\u00ebt! \u00c7do pllak\u00eb DELSIE \u00ebsht\u00eb unike, me karakteristikat natyrore t\u00eb drurit.<\/p>\n","protected":false},"excerpt":{"rendered":"<p>Nj\u00eb komodin\u00eb me nj\u00eb p\u00ebrfundim natyral, prej druri natyral akacie.<\/p>\n","protected":false},"featured_media":1673,"template":"","meta":[],"product_brand":[],"product_cat":[119],"product_tag":[],"class_list":{"0":"post-7184","1":"product","2":"type-product","3":"status-publish","4":"has-post-thumbnail","6":"product_cat-komodina","8":"first","9":"onbackorder","10":"shipping-taxable","11":"purchasable","12":"product-type-simple"},"yoast_head":"<!-- This site is optimized with the Yoast SEO plugin v27.4 - https:\/\/yoast.com\/product\/yoast-seo-wordpress\/ -->\n<title>DELSIE BEDSIDE TABLE - Elitte Sofa<\/title>\n<meta name=\"robots\" content=\"index, follow, max-snippet:-1, max-image-preview:large, max-video-preview:-1\" \/>\n<link rel=\"canonical\" href=\"https:\/\/elittesofa.mk\/sq\/produkti\/delsie-bedside-table\/\" \/>\n<meta property=\"og:locale\" content=\"sq_AL\" \/>\n<meta property=\"og:type\" content=\"article\" \/>\n<meta property=\"og:title\" content=\"DELSIE BEDSIDE TABLE - Elitte Sofa\" \/>\n<meta property=\"og:description\" content=\"Nj\u00eb komodin\u00eb me nj\u00eb p\u00ebrfundim natyral, prej druri natyral akacie.\" \/>\n<meta property=\"og:url\" content=\"https:\/\/elittesofa.mk\/sq\/produkti\/delsie-bedside-table\/\" \/>\n<meta property=\"og:site_name\" content=\"Elitte Sofa\" \/>\n<meta property=\"article:publisher\" content=\"https:\/\/www.facebook.com\/elittesofa\" \/>\n<meta property=\"og:image\" content=\"https:\/\/elittesofa.mk\/wp-content\/uploads\/2023\/12\/delsie-1.jpg\" \/>\n\t<meta property=\"og:image:width\" content=\"604\" \/>\n\t<meta property=\"og:image:height\" content=\"772\" \/>\n\t<meta property=\"og:image:type\" content=\"image\/jpeg\" \/>\n<meta name=\"twitter:card\" content=\"summary_large_image\" \/>\n<script type=\"application\/ld+json\" class=\"yoast-schema-graph\">{\"@context\":\"https:\\\/\\\/schema.org\",\"@graph\":[{\"@type\":\"WebPage\",\"@id\":\"https:\\\/\\\/elittesofa.mk\\\/sq\\\/produkti\\\/delsie-bedside-table\\\/\",\"url\":\"https:\\\/\\\/elittesofa.mk\\\/sq\\\/produkti\\\/delsie-bedside-table\\\/\",\"name\":\"DELSIE BEDSIDE TABLE - Elitte Sofa\",\"isPartOf\":{\"@id\":\"https:\\\/\\\/elittesofa.mk\\\/sq\\\/#website\"},\"primaryImageOfPage\":{\"@id\":\"https:\\\/\\\/elittesofa.mk\\\/sq\\\/produkti\\\/delsie-bedside-table\\\/#primaryimage\"},\"image\":{\"@id\":\"https:\\\/\\\/elittesofa.mk\\\/sq\\\/produkti\\\/delsie-bedside-table\\\/#primaryimage\"},\"thumbnailUrl\":\"https:\\\/\\\/elittesofa.mk\\\/wp-content\\\/uploads\\\/2023\\\/12\\\/delsie-1.jpg\",\"datePublished\":\"2023-12-10T16:34:59+00:00\",\"breadcrumb\":{\"@id\":\"https:\\\/\\\/elittesofa.mk\\\/sq\\\/produkti\\\/delsie-bedside-table\\\/#breadcrumb\"},\"inLanguage\":\"sq-AL\",\"potentialAction\":[{\"@type\":\"ReadAction\",\"target\":[\"https:\\\/\\\/elittesofa.mk\\\/sq\\\/produkti\\\/delsie-bedside-table\\\/\"]}]},{\"@type\":\"ImageObject\",\"inLanguage\":\"sq-AL\",\"@id\":\"https:\\\/\\\/elittesofa.mk\\\/sq\\\/produkti\\\/delsie-bedside-table\\\/#primaryimage\",\"url\":\"https:\\\/\\\/elittesofa.mk\\\/wp-content\\\/uploads\\\/2023\\\/12\\\/delsie-1.jpg\",\"contentUrl\":\"https:\\\/\\\/elittesofa.mk\\\/wp-content\\\/uploads\\\/2023\\\/12\\\/delsie-1.jpg\",\"width\":604,\"height\":772},{\"@type\":\"BreadcrumbList\",\"@id\":\"https:\\\/\\\/elittesofa.mk\\\/sq\\\/produkti\\\/delsie-bedside-table\\\/#breadcrumb\",\"itemListElement\":[{\"@type\":\"ListItem\",\"position\":1,\"name\":\"Home\",\"item\":\"https:\\\/\\\/elittesofa.mk\\\/sq\\\/\"},{\"@type\":\"ListItem\",\"position\":2,\"name\":\"Shop\",\"item\":\"https:\\\/\\\/elittesofa.mk\\\/sq\\\/shop-2\\\/\"},{\"@type\":\"ListItem\",\"position\":3,\"name\":\"DELSIE BEDSIDE TABLE\"}]},{\"@type\":\"WebSite\",\"@id\":\"https:\\\/\\\/elittesofa.mk\\\/sq\\\/#website\",\"url\":\"https:\\\/\\\/elittesofa.mk\\\/sq\\\/\",\"name\":\"Elitte Sofa\",\"description\":\"Per Tutta La Vita\",\"publisher\":{\"@id\":\"https:\\\/\\\/elittesofa.mk\\\/sq\\\/#organization\"},\"potentialAction\":[{\"@type\":\"SearchAction\",\"target\":{\"@type\":\"EntryPoint\",\"urlTemplate\":\"https:\\\/\\\/elittesofa.mk\\\/sq\\\/?s={search_term_string}\"},\"query-input\":{\"@type\":\"PropertyValueSpecification\",\"valueRequired\":true,\"valueName\":\"search_term_string\"}}],\"inLanguage\":\"sq-AL\"},{\"@type\":\"Organization\",\"@id\":\"https:\\\/\\\/elittesofa.mk\\\/sq\\\/#organization\",\"name\":\"Elitte Sofa\",\"url\":\"https:\\\/\\\/elittesofa.mk\\\/sq\\\/\",\"logo\":{\"@type\":\"ImageObject\",\"inLanguage\":\"sq-AL\",\"@id\":\"https:\\\/\\\/elittesofa.mk\\\/sq\\\/#\\\/schema\\\/logo\\\/image\\\/\",\"url\":\"https:\\\/\\\/elittesofa.mk\\\/wp-content\\\/uploads\\\/2024\\\/05\\\/ElitteSOFA-logo.png\",\"contentUrl\":\"https:\\\/\\\/elittesofa.mk\\\/wp-content\\\/uploads\\\/2024\\\/05\\\/ElitteSOFA-logo.png\",\"width\":1340,\"height\":417,\"caption\":\"Elitte Sofa\"},\"image\":{\"@id\":\"https:\\\/\\\/elittesofa.mk\\\/sq\\\/#\\\/schema\\\/logo\\\/image\\\/\"},\"sameAs\":[\"https:\\\/\\\/www.facebook.com\\\/elittesofa\",\"https:\\\/\\\/www.instagram.com\\\/elitte_sofa\\\/\"]}]}<\/script>\n<!-- \/ Yoast SEO plugin. -->","yoast_head_json":{"title":"DELSIE BEDSIDE TABLE - Elitte Sofa","robots":{"index":"index","follow":"follow","max-snippet":"max-snippet:-1","max-image-preview":"max-image-preview:large","max-video-preview":"max-video-preview:-1"},"canonical":"https:\/\/elittesofa.mk\/sq\/produkti\/delsie-bedside-table\/","og_locale":"sq_AL","og_type":"article","og_title":"DELSIE BEDSIDE TABLE - Elitte Sofa","og_description":"Nj\u00eb komodin\u00eb me nj\u00eb p\u00ebrfundim natyral, prej druri natyral akacie.","og_url":"https:\/\/elittesofa.mk\/sq\/produkti\/delsie-bedside-table\/","og_site_name":"Elitte Sofa","article_publisher":"https:\/\/www.facebook.com\/elittesofa","og_image":[{"width":604,"height":772,"url":"https:\/\/elittesofa.mk\/wp-content\/uploads\/2023\/12\/delsie-1.jpg","type":"image\/jpeg"}],"twitter_card":"summary_large_image","schema":{"@context":"https:\/\/schema.org","@graph":[{"@type":"WebPage","@id":"https:\/\/elittesofa.mk\/sq\/produkti\/delsie-bedside-table\/","url":"https:\/\/elittesofa.mk\/sq\/produkti\/delsie-bedside-table\/","name":"DELSIE BEDSIDE TABLE - Elitte Sofa","isPartOf":{"@id":"https:\/\/elittesofa.mk\/sq\/#website"},"primaryImageOfPage":{"@id":"https:\/\/elittesofa.mk\/sq\/produkti\/delsie-bedside-table\/#primaryimage"},"image":{"@id":"https:\/\/elittesofa.mk\/sq\/produkti\/delsie-bedside-table\/#primaryimage"},"thumbnailUrl":"https:\/\/elittesofa.mk\/wp-content\/uploads\/2023\/12\/delsie-1.jpg","datePublished":"2023-12-10T16:34:59+00:00","breadcrumb":{"@id":"https:\/\/elittesofa.mk\/sq\/produkti\/delsie-bedside-table\/#breadcrumb"},"inLanguage":"sq-AL","potentialAction":[{"@type":"ReadAction","target":["https:\/\/elittesofa.mk\/sq\/produkti\/delsie-bedside-table\/"]}]},{"@type":"ImageObject","inLanguage":"sq-AL","@id":"https:\/\/elittesofa.mk\/sq\/produkti\/delsie-bedside-table\/#primaryimage","url":"https:\/\/elittesofa.mk\/wp-content\/uploads\/2023\/12\/delsie-1.jpg","contentUrl":"https:\/\/elittesofa.mk\/wp-content\/uploads\/2023\/12\/delsie-1.jpg","width":604,"height":772},{"@type":"BreadcrumbList","@id":"https:\/\/elittesofa.mk\/sq\/produkti\/delsie-bedside-table\/#breadcrumb","itemListElement":[{"@type":"ListItem","position":1,"name":"Home","item":"https:\/\/elittesofa.mk\/sq\/"},{"@type":"ListItem","position":2,"name":"Shop","item":"https:\/\/elittesofa.mk\/sq\/shop-2\/"},{"@type":"ListItem","position":3,"name":"DELSIE BEDSIDE TABLE"}]},{"@type":"WebSite","@id":"https:\/\/elittesofa.mk\/sq\/#website","url":"https:\/\/elittesofa.mk\/sq\/","name":"Elitte Sofa","description":"Per Tutta La Vita","publisher":{"@id":"https:\/\/elittesofa.mk\/sq\/#organization"},"potentialAction":[{"@type":"SearchAction","target":{"@type":"EntryPoint","urlTemplate":"https:\/\/elittesofa.mk\/sq\/?s={search_term_string}"},"query-input":{"@type":"PropertyValueSpecification","valueRequired":true,"valueName":"search_term_string"}}],"inLanguage":"sq-AL"},{"@type":"Organization","@id":"https:\/\/elittesofa.mk\/sq\/#organization","name":"Elitte Sofa","url":"https:\/\/elittesofa.mk\/sq\/","logo":{"@type":"ImageObject","inLanguage":"sq-AL","@id":"https:\/\/elittesofa.mk\/sq\/#\/schema\/logo\/image\/","url":"https:\/\/elittesofa.mk\/wp-content\/uploads\/2024\/05\/ElitteSOFA-logo.png","contentUrl":"https:\/\/elittesofa.mk\/wp-content\/uploads\/2024\/05\/ElitteSOFA-logo.png","width":1340,"height":417,"caption":"Elitte Sofa"},"image":{"@id":"https:\/\/elittesofa.mk\/sq\/#\/schema\/logo\/image\/"},"sameAs":["https:\/\/www.facebook.com\/elittesofa","https:\/\/www.instagram.com\/elitte_sofa\/"]}]}},"_links":{"self":[{"href":"https:\/\/elittesofa.mk\/sq\/wp-json\/wp\/v2\/product\/7184","targetHints":{"allow":["GET"]}}],"collection":[{"href":"https:\/\/elittesofa.mk\/sq\/wp-json\/wp\/v2\/product"}],"about":[{"href":"https:\/\/elittesofa.mk\/sq\/wp-json\/wp\/v2\/types\/product"}],"wp:featuredmedia":[{"embeddable":true,"href":"https:\/\/elittesofa.mk\/sq\/wp-json\/wp\/v2\/media\/1673"}],"wp:attachment":[{"href":"https:\/\/elittesofa.mk\/sq\/wp-json\/wp\/v2\/media?parent=7184"}],"wp:term":[{"taxonomy":"product_brand","embeddable":true,"href":"https:\/\/elittesofa.mk\/sq\/wp-json\/wp\/v2\/product_brand?post=7184"},{"taxonomy":"product_cat","embeddable":true,"href":"https:\/\/elittesofa.mk\/sq\/wp-json\/wp\/v2\/product_cat?post=7184"},{"taxonomy":"product_tag","embeddable":true,"href":"https:\/\/elittesofa.mk\/sq\/wp-json\/wp\/v2\/product_tag?post=7184"}],"curies":[{"name":"wp","href":"https:\/\/api.w.org\/{rel}","templated":true}]}}