{"id":7200,"date":"2023-12-10T15:35:18","date_gmt":"2023-12-10T15:35:18","guid":{"rendered":"https:\/\/elittesofa.mk\/product\/emilia\/"},"modified":"2026-02-23T14:36:12","modified_gmt":"2026-02-23T13:36:12","slug":"emilia","status":"publish","type":"product","link":"https:\/\/elittesofa.mk\/sq\/produkti\/emilia\/","title":{"rendered":"EMILIA"},"content":{"rendered":"<p>Materialet cil\u00ebsore t\u00eb p\u00ebrdorura dhe garancia 10-vje\u00e7are jan\u00eb nj\u00eb tregues se ju do t\u00eb mund ta p\u00ebrdorni k\u00ebt\u00eb shtrat p\u00ebr vite dhe vite. Mund\u00ebsia e zgjedhjes s\u00eb shum\u00eb ngjyrave dhe materialeve i l\u00eb hap\u00ebsir\u00eb kreativitetit t\u00eb bler\u00ebsit p\u00ebr t\u00eb p\u00ebrcaktuar se \u00e7far\u00eb p\u00ebrshtypje t\u00eb l\u00ebr\u00eb duke zgjedhur Emilia. Tonet pastel tregojn\u00eb but\u00ebsi dhe romanc\u00eb, tonet e err\u00ebta bujarin\u00eb dhe fuqin\u00eb, dhe nuancat e theksuara dhe intensive tregojn\u00eb loj\u00ebn artistike dhe rinin\u00eb.<\/p>\n<p>Dysheku vjen me nj\u00eb latoflex elastik q\u00eb ofron rehati gjat\u00eb p\u00ebrdorimit dhe p\u00ebrshtatet me t\u00eb gjitha llojet e dyshek\u00ebve. Latoflex gjithashtu lejon qarkullimin e ajrit n\u00ebp\u00ebr dyshek\u00eb dhe e mbron at\u00eb nga lag\u00ebshtia dhe kalbja. Latoflekost vjen me nj\u00eb mekaniz\u00ebm ngrit\u00ebs q\u00eb ju lejon t\u00eb p\u00ebrdorni kutin\u00eb nga shtrati p\u00ebr t\u00eb ruajtur sendet.<\/p>\n<p>Krevati Emilia mund t\u00eb b\u00ebhet n\u00eb p\u00ebrmasat q\u00eb d\u00ebshironi, pra n\u00eb var\u00ebsi t\u00eb dimensionit t\u00eb dyshekut q\u00eb do t\u00eb p\u00ebrdorni.<\/p>\n<p>Dimensionet standarde t\u00eb dyshek\u00ebve: 120 x 200, 140 x 200, 160 x 200, 180 x 200, 200 x 200<\/p>\n<p>Dimensioni i shtratit Emilia p\u00ebr nj\u00eb dyshek me dimension 160 x 200 \u00ebsht\u00eb 175 x 220<\/p>\n","protected":false},"excerpt":{"rendered":"<p>Nj\u00eb dizajn jasht\u00ebzakonisht i mrekulluesh\u00ebm i p\u00ebrsosur p\u00ebr \u00e7do dhom\u00eb gjumi.<\/p>\n","protected":false},"featured_media":1603,"template":"","meta":[],"product_brand":[],"product_cat":[407,101],"product_tag":[],"class_list":{"0":"post-7200","1":"product","2":"type-product","3":"status-publish","4":"has-post-thumbnail","6":"product_cat-krevate-dopio","7":"product_cat-shtreter","9":"first","10":"instock","11":"shipping-taxable","12":"purchasable","13":"product-type-variable"},"yoast_head":"<!-- This site is optimized with the Yoast SEO plugin v27.4 - https:\/\/yoast.com\/product\/yoast-seo-wordpress\/ -->\n<title>EMILIA - Elitte Sofa<\/title>\n<meta name=\"robots\" content=\"index, follow, max-snippet:-1, max-image-preview:large, max-video-preview:-1\" \/>\n<link rel=\"canonical\" href=\"https:\/\/elittesofa.mk\/sq\/produkti\/emilia\/\" \/>\n<meta property=\"og:locale\" content=\"sq_AL\" \/>\n<meta property=\"og:type\" content=\"article\" \/>\n<meta property=\"og:title\" content=\"EMILIA - Elitte Sofa\" \/>\n<meta property=\"og:description\" content=\"Nj\u00eb dizajn jasht\u00ebzakonisht i mrekulluesh\u00ebm i p\u00ebrsosur p\u00ebr \u00e7do dhom\u00eb gjumi.\" \/>\n<meta property=\"og:url\" content=\"https:\/\/elittesofa.mk\/sq\/produkti\/emilia\/\" \/>\n<meta property=\"og:site_name\" content=\"Elitte Sofa\" \/>\n<meta property=\"article:publisher\" content=\"https:\/\/www.facebook.com\/elittesofa\" \/>\n<meta property=\"article:modified_time\" content=\"2026-02-23T13:36:12+00:00\" \/>\n<meta property=\"og:image\" content=\"https:\/\/elittesofa.mk\/wp-content\/uploads\/2023\/12\/EMILIA_2.jpg\" \/>\n\t<meta property=\"og:image:width\" content=\"960\" \/>\n\t<meta property=\"og:image:height\" content=\"960\" \/>\n\t<meta property=\"og:image:type\" content=\"image\/jpeg\" \/>\n<meta name=\"twitter:card\" content=\"summary_large_image\" \/>\n<meta name=\"twitter:label1\" content=\"Est. reading time\" \/>\n\t<meta name=\"twitter:data1\" content=\"1 minute\" \/>\n<script type=\"application\/ld+json\" class=\"yoast-schema-graph\">{\"@context\":\"https:\\\/\\\/schema.org\",\"@graph\":[{\"@type\":\"WebPage\",\"@id\":\"https:\\\/\\\/elittesofa.mk\\\/sq\\\/produkti\\\/emilia\\\/\",\"url\":\"https:\\\/\\\/elittesofa.mk\\\/sq\\\/produkti\\\/emilia\\\/\",\"name\":\"EMILIA - Elitte Sofa\",\"isPartOf\":{\"@id\":\"https:\\\/\\\/elittesofa.mk\\\/sq\\\/#website\"},\"primaryImageOfPage\":{\"@id\":\"https:\\\/\\\/elittesofa.mk\\\/sq\\\/produkti\\\/emilia\\\/#primaryimage\"},\"image\":{\"@id\":\"https:\\\/\\\/elittesofa.mk\\\/sq\\\/produkti\\\/emilia\\\/#primaryimage\"},\"thumbnailUrl\":\"https:\\\/\\\/elittesofa.mk\\\/wp-content\\\/uploads\\\/2023\\\/12\\\/EMILIA_2.jpg\",\"datePublished\":\"2023-12-10T15:35:18+00:00\",\"dateModified\":\"2026-02-23T13:36:12+00:00\",\"breadcrumb\":{\"@id\":\"https:\\\/\\\/elittesofa.mk\\\/sq\\\/produkti\\\/emilia\\\/#breadcrumb\"},\"inLanguage\":\"sq-AL\",\"potentialAction\":[{\"@type\":\"ReadAction\",\"target\":[\"https:\\\/\\\/elittesofa.mk\\\/sq\\\/produkti\\\/emilia\\\/\"]}]},{\"@type\":\"ImageObject\",\"inLanguage\":\"sq-AL\",\"@id\":\"https:\\\/\\\/elittesofa.mk\\\/sq\\\/produkti\\\/emilia\\\/#primaryimage\",\"url\":\"https:\\\/\\\/elittesofa.mk\\\/wp-content\\\/uploads\\\/2023\\\/12\\\/EMILIA_2.jpg\",\"contentUrl\":\"https:\\\/\\\/elittesofa.mk\\\/wp-content\\\/uploads\\\/2023\\\/12\\\/EMILIA_2.jpg\",\"width\":960,\"height\":960,\"caption\":\"EMILIA \u043a\u0440\u0435\u0432\u0435\u0442 \u0437\u0430 \u0441\u043f\u0430\u043b\u043d\u0430\"},{\"@type\":\"BreadcrumbList\",\"@id\":\"https:\\\/\\\/elittesofa.mk\\\/sq\\\/produkti\\\/emilia\\\/#breadcrumb\",\"itemListElement\":[{\"@type\":\"ListItem\",\"position\":1,\"name\":\"Home\",\"item\":\"https:\\\/\\\/elittesofa.mk\\\/sq\\\/\"},{\"@type\":\"ListItem\",\"position\":2,\"name\":\"Shop\",\"item\":\"https:\\\/\\\/elittesofa.mk\\\/sq\\\/shop-2\\\/\"},{\"@type\":\"ListItem\",\"position\":3,\"name\":\"EMILIA\"}]},{\"@type\":\"WebSite\",\"@id\":\"https:\\\/\\\/elittesofa.mk\\\/sq\\\/#website\",\"url\":\"https:\\\/\\\/elittesofa.mk\\\/sq\\\/\",\"name\":\"Elitte Sofa\",\"description\":\"Per Tutta La Vita\",\"publisher\":{\"@id\":\"https:\\\/\\\/elittesofa.mk\\\/sq\\\/#organization\"},\"potentialAction\":[{\"@type\":\"SearchAction\",\"target\":{\"@type\":\"EntryPoint\",\"urlTemplate\":\"https:\\\/\\\/elittesofa.mk\\\/sq\\\/?s={search_term_string}\"},\"query-input\":{\"@type\":\"PropertyValueSpecification\",\"valueRequired\":true,\"valueName\":\"search_term_string\"}}],\"inLanguage\":\"sq-AL\"},{\"@type\":\"Organization\",\"@id\":\"https:\\\/\\\/elittesofa.mk\\\/sq\\\/#organization\",\"name\":\"Elitte Sofa\",\"url\":\"https:\\\/\\\/elittesofa.mk\\\/sq\\\/\",\"logo\":{\"@type\":\"ImageObject\",\"inLanguage\":\"sq-AL\",\"@id\":\"https:\\\/\\\/elittesofa.mk\\\/sq\\\/#\\\/schema\\\/logo\\\/image\\\/\",\"url\":\"https:\\\/\\\/elittesofa.mk\\\/wp-content\\\/uploads\\\/2024\\\/05\\\/ElitteSOFA-logo.png\",\"contentUrl\":\"https:\\\/\\\/elittesofa.mk\\\/wp-content\\\/uploads\\\/2024\\\/05\\\/ElitteSOFA-logo.png\",\"width\":1340,\"height\":417,\"caption\":\"Elitte Sofa\"},\"image\":{\"@id\":\"https:\\\/\\\/elittesofa.mk\\\/sq\\\/#\\\/schema\\\/logo\\\/image\\\/\"},\"sameAs\":[\"https:\\\/\\\/www.facebook.com\\\/elittesofa\",\"https:\\\/\\\/www.instagram.com\\\/elitte_sofa\\\/\"]}]}<\/script>\n<!-- \/ Yoast SEO plugin. -->","yoast_head_json":{"title":"EMILIA - Elitte Sofa","robots":{"index":"index","follow":"follow","max-snippet":"max-snippet:-1","max-image-preview":"max-image-preview:large","max-video-preview":"max-video-preview:-1"},"canonical":"https:\/\/elittesofa.mk\/sq\/produkti\/emilia\/","og_locale":"sq_AL","og_type":"article","og_title":"EMILIA - Elitte Sofa","og_description":"Nj\u00eb dizajn jasht\u00ebzakonisht i mrekulluesh\u00ebm i p\u00ebrsosur p\u00ebr \u00e7do dhom\u00eb gjumi.","og_url":"https:\/\/elittesofa.mk\/sq\/produkti\/emilia\/","og_site_name":"Elitte Sofa","article_publisher":"https:\/\/www.facebook.com\/elittesofa","article_modified_time":"2026-02-23T13:36:12+00:00","og_image":[{"width":960,"height":960,"url":"https:\/\/elittesofa.mk\/wp-content\/uploads\/2023\/12\/EMILIA_2.jpg","type":"image\/jpeg"}],"twitter_card":"summary_large_image","twitter_misc":{"Est. reading time":"1 minute"},"schema":{"@context":"https:\/\/schema.org","@graph":[{"@type":"WebPage","@id":"https:\/\/elittesofa.mk\/sq\/produkti\/emilia\/","url":"https:\/\/elittesofa.mk\/sq\/produkti\/emilia\/","name":"EMILIA - Elitte Sofa","isPartOf":{"@id":"https:\/\/elittesofa.mk\/sq\/#website"},"primaryImageOfPage":{"@id":"https:\/\/elittesofa.mk\/sq\/produkti\/emilia\/#primaryimage"},"image":{"@id":"https:\/\/elittesofa.mk\/sq\/produkti\/emilia\/#primaryimage"},"thumbnailUrl":"https:\/\/elittesofa.mk\/wp-content\/uploads\/2023\/12\/EMILIA_2.jpg","datePublished":"2023-12-10T15:35:18+00:00","dateModified":"2026-02-23T13:36:12+00:00","breadcrumb":{"@id":"https:\/\/elittesofa.mk\/sq\/produkti\/emilia\/#breadcrumb"},"inLanguage":"sq-AL","potentialAction":[{"@type":"ReadAction","target":["https:\/\/elittesofa.mk\/sq\/produkti\/emilia\/"]}]},{"@type":"ImageObject","inLanguage":"sq-AL","@id":"https:\/\/elittesofa.mk\/sq\/produkti\/emilia\/#primaryimage","url":"https:\/\/elittesofa.mk\/wp-content\/uploads\/2023\/12\/EMILIA_2.jpg","contentUrl":"https:\/\/elittesofa.mk\/wp-content\/uploads\/2023\/12\/EMILIA_2.jpg","width":960,"height":960,"caption":"EMILIA \u043a\u0440\u0435\u0432\u0435\u0442 \u0437\u0430 \u0441\u043f\u0430\u043b\u043d\u0430"},{"@type":"BreadcrumbList","@id":"https:\/\/elittesofa.mk\/sq\/produkti\/emilia\/#breadcrumb","itemListElement":[{"@type":"ListItem","position":1,"name":"Home","item":"https:\/\/elittesofa.mk\/sq\/"},{"@type":"ListItem","position":2,"name":"Shop","item":"https:\/\/elittesofa.mk\/sq\/shop-2\/"},{"@type":"ListItem","position":3,"name":"EMILIA"}]},{"@type":"WebSite","@id":"https:\/\/elittesofa.mk\/sq\/#website","url":"https:\/\/elittesofa.mk\/sq\/","name":"Elitte Sofa","description":"Per Tutta La Vita","publisher":{"@id":"https:\/\/elittesofa.mk\/sq\/#organization"},"potentialAction":[{"@type":"SearchAction","target":{"@type":"EntryPoint","urlTemplate":"https:\/\/elittesofa.mk\/sq\/?s={search_term_string}"},"query-input":{"@type":"PropertyValueSpecification","valueRequired":true,"valueName":"search_term_string"}}],"inLanguage":"sq-AL"},{"@type":"Organization","@id":"https:\/\/elittesofa.mk\/sq\/#organization","name":"Elitte Sofa","url":"https:\/\/elittesofa.mk\/sq\/","logo":{"@type":"ImageObject","inLanguage":"sq-AL","@id":"https:\/\/elittesofa.mk\/sq\/#\/schema\/logo\/image\/","url":"https:\/\/elittesofa.mk\/wp-content\/uploads\/2024\/05\/ElitteSOFA-logo.png","contentUrl":"https:\/\/elittesofa.mk\/wp-content\/uploads\/2024\/05\/ElitteSOFA-logo.png","width":1340,"height":417,"caption":"Elitte Sofa"},"image":{"@id":"https:\/\/elittesofa.mk\/sq\/#\/schema\/logo\/image\/"},"sameAs":["https:\/\/www.facebook.com\/elittesofa","https:\/\/www.instagram.com\/elitte_sofa\/"]}]}},"_links":{"self":[{"href":"https:\/\/elittesofa.mk\/sq\/wp-json\/wp\/v2\/product\/7200","targetHints":{"allow":["GET"]}}],"collection":[{"href":"https:\/\/elittesofa.mk\/sq\/wp-json\/wp\/v2\/product"}],"about":[{"href":"https:\/\/elittesofa.mk\/sq\/wp-json\/wp\/v2\/types\/product"}],"wp:featuredmedia":[{"embeddable":true,"href":"https:\/\/elittesofa.mk\/sq\/wp-json\/wp\/v2\/media\/1603"}],"wp:attachment":[{"href":"https:\/\/elittesofa.mk\/sq\/wp-json\/wp\/v2\/media?parent=7200"}],"wp:term":[{"taxonomy":"product_brand","embeddable":true,"href":"https:\/\/elittesofa.mk\/sq\/wp-json\/wp\/v2\/product_brand?post=7200"},{"taxonomy":"product_cat","embeddable":true,"href":"https:\/\/elittesofa.mk\/sq\/wp-json\/wp\/v2\/product_cat?post=7200"},{"taxonomy":"product_tag","embeddable":true,"href":"https:\/\/elittesofa.mk\/sq\/wp-json\/wp\/v2\/product_tag?post=7200"}],"curies":[{"name":"wp","href":"https:\/\/api.w.org\/{rel}","templated":true}]}}