{"id":7270,"date":"2023-12-09T15:33:50","date_gmt":"2023-12-09T15:33:50","guid":{"rendered":"https:\/\/elittesofa.mk\/product\/ajs\/"},"modified":"2026-02-23T14:36:11","modified_gmt":"2026-02-23T13:36:11","slug":"ajs","status":"publish","type":"product","link":"https:\/\/elittesofa.mk\/sq\/produkti\/ajs\/","title":{"rendered":"AJS"},"content":{"rendered":"<p>Krevati AJS ka nj\u00eb dizajn t\u00eb thjesht\u00eb, pa v\u00ebmendje q\u00eb do t\u00eb p\u00ebrshtatet n\u00eb m\u00ebnyr\u00eb t\u00eb p\u00ebrkryer n\u00eb dhomat e gjumit moderne ku mbizot\u00ebrojn\u00eb stili minimalist dhe linjat e drejta.<\/p>\n<p>Dysheku vjen me nj\u00eb latoflex elastik q\u00eb ofron rehati gjat\u00eb p\u00ebrdorimit dhe p\u00ebrshtatet me t\u00eb gjitha llojet e dyshek\u00ebve. Latoflex gjithashtu lejon qarkullimin e ajrit n\u00ebp\u00ebr dyshek\u00eb dhe e mbron at\u00eb nga lag\u00ebshtia dhe kalbja. Latoflekost vjen me nj\u00eb mekaniz\u00ebm ngrit\u00ebs q\u00eb ju lejon t\u00eb p\u00ebrdorni kutin\u00eb nga shtrati p\u00ebr t\u00eb ruajtur sendet.<\/p>\n<p>Dysheku AJS mund t\u00eb b\u00ebhet n\u00eb p\u00ebrmasat q\u00eb d\u00ebshironi, pra n\u00eb var\u00ebsi t\u00eb dimensioneve t\u00eb dyshekut q\u00eb do t\u00eb p\u00ebrdorni.<\/p>\n<p>Dimensionet e brendshme p\u00ebr dyshekun: 120 x 200, 140 x 200, 160 x 200, 180 x 200, 200 x 200<\/p>\n<p>Dimensionet e jashtme t\u00eb krevatit: 135 x 220, 155 x 220, 175 x 220, 195 x 220, 215 x 220.<\/p>\n<p>Lart\u00ebsia standarde e kok\u00ebs \u00ebsht\u00eb 120 cm, por ju mund t\u00eb zgjidhni edhe lart\u00ebsin\u00eb.<\/p>\n","protected":false},"excerpt":{"rendered":"<p>Dysheku AJS ka nj\u00eb dizajn t\u00eb thjesht\u00eb, pa v\u00ebmendje q\u00eb do t\u00eb p\u00ebrshtatet n\u00eb m\u00ebnyr\u00eb t\u00eb p\u00ebrkryer n\u00eb dhomat e gjumit moderne.<\/p>\n","protected":false},"featured_media":12912,"template":"","meta":[],"product_brand":[],"product_cat":[407,101],"product_tag":[],"class_list":{"0":"post-7270","1":"product","2":"type-product","3":"status-publish","4":"has-post-thumbnail","6":"product_cat-krevate-dopio","7":"product_cat-shtreter","9":"first","10":"instock","11":"shipping-taxable","12":"purchasable","13":"product-type-variable"},"yoast_head":"<!-- This site is optimized with the Yoast SEO plugin v27.4 - https:\/\/yoast.com\/product\/yoast-seo-wordpress\/ -->\n<title>AJS - Elitte Sofa<\/title>\n<meta name=\"robots\" content=\"index, follow, max-snippet:-1, max-image-preview:large, max-video-preview:-1\" \/>\n<link rel=\"canonical\" href=\"https:\/\/elittesofa.mk\/sq\/produkti\/ajs\/\" \/>\n<meta property=\"og:locale\" content=\"sq_AL\" \/>\n<meta property=\"og:type\" content=\"article\" \/>\n<meta property=\"og:title\" content=\"AJS - Elitte Sofa\" \/>\n<meta property=\"og:description\" content=\"Dysheku AJS ka nj\u00eb dizajn t\u00eb thjesht\u00eb, pa v\u00ebmendje q\u00eb do t\u00eb p\u00ebrshtatet n\u00eb m\u00ebnyr\u00eb t\u00eb p\u00ebrkryer n\u00eb dhomat e gjumit moderne.\" \/>\n<meta property=\"og:url\" content=\"https:\/\/elittesofa.mk\/sq\/produkti\/ajs\/\" \/>\n<meta property=\"og:site_name\" content=\"Elitte Sofa\" \/>\n<meta property=\"article:publisher\" content=\"https:\/\/www.facebook.com\/elittesofa\" \/>\n<meta property=\"article:modified_time\" content=\"2026-02-23T13:36:11+00:00\" \/>\n<meta property=\"og:image\" content=\"https:\/\/elittesofa.mk\/wp-content\/uploads\/2023\/12\/ajsbed-ph.jpg\" \/>\n\t<meta property=\"og:image:width\" content=\"1200\" \/>\n\t<meta property=\"og:image:height\" content=\"1116\" \/>\n\t<meta property=\"og:image:type\" content=\"image\/jpeg\" \/>\n<meta name=\"twitter:card\" content=\"summary_large_image\" \/>\n<meta name=\"twitter:label1\" content=\"Est. reading time\" \/>\n\t<meta name=\"twitter:data1\" content=\"1 minute\" \/>\n<script type=\"application\/ld+json\" class=\"yoast-schema-graph\">{\"@context\":\"https:\\\/\\\/schema.org\",\"@graph\":[{\"@type\":\"WebPage\",\"@id\":\"https:\\\/\\\/elittesofa.mk\\\/sq\\\/produkti\\\/ajs\\\/\",\"url\":\"https:\\\/\\\/elittesofa.mk\\\/sq\\\/produkti\\\/ajs\\\/\",\"name\":\"AJS - Elitte Sofa\",\"isPartOf\":{\"@id\":\"https:\\\/\\\/elittesofa.mk\\\/sq\\\/#website\"},\"primaryImageOfPage\":{\"@id\":\"https:\\\/\\\/elittesofa.mk\\\/sq\\\/produkti\\\/ajs\\\/#primaryimage\"},\"image\":{\"@id\":\"https:\\\/\\\/elittesofa.mk\\\/sq\\\/produkti\\\/ajs\\\/#primaryimage\"},\"thumbnailUrl\":\"https:\\\/\\\/elittesofa.mk\\\/wp-content\\\/uploads\\\/2023\\\/12\\\/A84004E8-FEB0-4249-8795-9A21A4206069-1.jpg\",\"datePublished\":\"2023-12-09T15:33:50+00:00\",\"dateModified\":\"2026-02-23T13:36:11+00:00\",\"breadcrumb\":{\"@id\":\"https:\\\/\\\/elittesofa.mk\\\/sq\\\/produkti\\\/ajs\\\/#breadcrumb\"},\"inLanguage\":\"sq-AL\",\"potentialAction\":[{\"@type\":\"ReadAction\",\"target\":[\"https:\\\/\\\/elittesofa.mk\\\/sq\\\/produkti\\\/ajs\\\/\"]}]},{\"@type\":\"ImageObject\",\"inLanguage\":\"sq-AL\",\"@id\":\"https:\\\/\\\/elittesofa.mk\\\/sq\\\/produkti\\\/ajs\\\/#primaryimage\",\"url\":\"https:\\\/\\\/elittesofa.mk\\\/wp-content\\\/uploads\\\/2023\\\/12\\\/A84004E8-FEB0-4249-8795-9A21A4206069-1.jpg\",\"contentUrl\":\"https:\\\/\\\/elittesofa.mk\\\/wp-content\\\/uploads\\\/2023\\\/12\\\/A84004E8-FEB0-4249-8795-9A21A4206069-1.jpg\",\"width\":1024,\"height\":1536},{\"@type\":\"BreadcrumbList\",\"@id\":\"https:\\\/\\\/elittesofa.mk\\\/sq\\\/produkti\\\/ajs\\\/#breadcrumb\",\"itemListElement\":[{\"@type\":\"ListItem\",\"position\":1,\"name\":\"Home\",\"item\":\"https:\\\/\\\/elittesofa.mk\\\/sq\\\/\"},{\"@type\":\"ListItem\",\"position\":2,\"name\":\"Shop\",\"item\":\"https:\\\/\\\/elittesofa.mk\\\/sq\\\/shop-2\\\/\"},{\"@type\":\"ListItem\",\"position\":3,\"name\":\"AJS\"}]},{\"@type\":\"WebSite\",\"@id\":\"https:\\\/\\\/elittesofa.mk\\\/sq\\\/#website\",\"url\":\"https:\\\/\\\/elittesofa.mk\\\/sq\\\/\",\"name\":\"Elitte Sofa\",\"description\":\"Per Tutta La Vita\",\"publisher\":{\"@id\":\"https:\\\/\\\/elittesofa.mk\\\/sq\\\/#organization\"},\"potentialAction\":[{\"@type\":\"SearchAction\",\"target\":{\"@type\":\"EntryPoint\",\"urlTemplate\":\"https:\\\/\\\/elittesofa.mk\\\/sq\\\/?s={search_term_string}\"},\"query-input\":{\"@type\":\"PropertyValueSpecification\",\"valueRequired\":true,\"valueName\":\"search_term_string\"}}],\"inLanguage\":\"sq-AL\"},{\"@type\":\"Organization\",\"@id\":\"https:\\\/\\\/elittesofa.mk\\\/sq\\\/#organization\",\"name\":\"Elitte Sofa\",\"url\":\"https:\\\/\\\/elittesofa.mk\\\/sq\\\/\",\"logo\":{\"@type\":\"ImageObject\",\"inLanguage\":\"sq-AL\",\"@id\":\"https:\\\/\\\/elittesofa.mk\\\/sq\\\/#\\\/schema\\\/logo\\\/image\\\/\",\"url\":\"https:\\\/\\\/elittesofa.mk\\\/wp-content\\\/uploads\\\/2024\\\/05\\\/ElitteSOFA-logo.png\",\"contentUrl\":\"https:\\\/\\\/elittesofa.mk\\\/wp-content\\\/uploads\\\/2024\\\/05\\\/ElitteSOFA-logo.png\",\"width\":1340,\"height\":417,\"caption\":\"Elitte Sofa\"},\"image\":{\"@id\":\"https:\\\/\\\/elittesofa.mk\\\/sq\\\/#\\\/schema\\\/logo\\\/image\\\/\"},\"sameAs\":[\"https:\\\/\\\/www.facebook.com\\\/elittesofa\",\"https:\\\/\\\/www.instagram.com\\\/elitte_sofa\\\/\"]}]}<\/script>\n<!-- \/ Yoast SEO plugin. -->","yoast_head_json":{"title":"AJS - Elitte Sofa","robots":{"index":"index","follow":"follow","max-snippet":"max-snippet:-1","max-image-preview":"max-image-preview:large","max-video-preview":"max-video-preview:-1"},"canonical":"https:\/\/elittesofa.mk\/sq\/produkti\/ajs\/","og_locale":"sq_AL","og_type":"article","og_title":"AJS - Elitte Sofa","og_description":"Dysheku AJS ka nj\u00eb dizajn t\u00eb thjesht\u00eb, pa v\u00ebmendje q\u00eb do t\u00eb p\u00ebrshtatet n\u00eb m\u00ebnyr\u00eb t\u00eb p\u00ebrkryer n\u00eb dhomat e gjumit moderne.","og_url":"https:\/\/elittesofa.mk\/sq\/produkti\/ajs\/","og_site_name":"Elitte Sofa","article_publisher":"https:\/\/www.facebook.com\/elittesofa","article_modified_time":"2026-02-23T13:36:11+00:00","og_image":[{"width":1200,"height":1116,"url":"https:\/\/elittesofa.mk\/wp-content\/uploads\/2023\/12\/ajsbed-ph.jpg","type":"image\/jpeg"}],"twitter_card":"summary_large_image","twitter_misc":{"Est. reading time":"1 minute"},"schema":{"@context":"https:\/\/schema.org","@graph":[{"@type":"WebPage","@id":"https:\/\/elittesofa.mk\/sq\/produkti\/ajs\/","url":"https:\/\/elittesofa.mk\/sq\/produkti\/ajs\/","name":"AJS - Elitte Sofa","isPartOf":{"@id":"https:\/\/elittesofa.mk\/sq\/#website"},"primaryImageOfPage":{"@id":"https:\/\/elittesofa.mk\/sq\/produkti\/ajs\/#primaryimage"},"image":{"@id":"https:\/\/elittesofa.mk\/sq\/produkti\/ajs\/#primaryimage"},"thumbnailUrl":"https:\/\/elittesofa.mk\/wp-content\/uploads\/2023\/12\/A84004E8-FEB0-4249-8795-9A21A4206069-1.jpg","datePublished":"2023-12-09T15:33:50+00:00","dateModified":"2026-02-23T13:36:11+00:00","breadcrumb":{"@id":"https:\/\/elittesofa.mk\/sq\/produkti\/ajs\/#breadcrumb"},"inLanguage":"sq-AL","potentialAction":[{"@type":"ReadAction","target":["https:\/\/elittesofa.mk\/sq\/produkti\/ajs\/"]}]},{"@type":"ImageObject","inLanguage":"sq-AL","@id":"https:\/\/elittesofa.mk\/sq\/produkti\/ajs\/#primaryimage","url":"https:\/\/elittesofa.mk\/wp-content\/uploads\/2023\/12\/A84004E8-FEB0-4249-8795-9A21A4206069-1.jpg","contentUrl":"https:\/\/elittesofa.mk\/wp-content\/uploads\/2023\/12\/A84004E8-FEB0-4249-8795-9A21A4206069-1.jpg","width":1024,"height":1536},{"@type":"BreadcrumbList","@id":"https:\/\/elittesofa.mk\/sq\/produkti\/ajs\/#breadcrumb","itemListElement":[{"@type":"ListItem","position":1,"name":"Home","item":"https:\/\/elittesofa.mk\/sq\/"},{"@type":"ListItem","position":2,"name":"Shop","item":"https:\/\/elittesofa.mk\/sq\/shop-2\/"},{"@type":"ListItem","position":3,"name":"AJS"}]},{"@type":"WebSite","@id":"https:\/\/elittesofa.mk\/sq\/#website","url":"https:\/\/elittesofa.mk\/sq\/","name":"Elitte Sofa","description":"Per Tutta La Vita","publisher":{"@id":"https:\/\/elittesofa.mk\/sq\/#organization"},"potentialAction":[{"@type":"SearchAction","target":{"@type":"EntryPoint","urlTemplate":"https:\/\/elittesofa.mk\/sq\/?s={search_term_string}"},"query-input":{"@type":"PropertyValueSpecification","valueRequired":true,"valueName":"search_term_string"}}],"inLanguage":"sq-AL"},{"@type":"Organization","@id":"https:\/\/elittesofa.mk\/sq\/#organization","name":"Elitte Sofa","url":"https:\/\/elittesofa.mk\/sq\/","logo":{"@type":"ImageObject","inLanguage":"sq-AL","@id":"https:\/\/elittesofa.mk\/sq\/#\/schema\/logo\/image\/","url":"https:\/\/elittesofa.mk\/wp-content\/uploads\/2024\/05\/ElitteSOFA-logo.png","contentUrl":"https:\/\/elittesofa.mk\/wp-content\/uploads\/2024\/05\/ElitteSOFA-logo.png","width":1340,"height":417,"caption":"Elitte Sofa"},"image":{"@id":"https:\/\/elittesofa.mk\/sq\/#\/schema\/logo\/image\/"},"sameAs":["https:\/\/www.facebook.com\/elittesofa","https:\/\/www.instagram.com\/elitte_sofa\/"]}]}},"_links":{"self":[{"href":"https:\/\/elittesofa.mk\/sq\/wp-json\/wp\/v2\/product\/7270","targetHints":{"allow":["GET"]}}],"collection":[{"href":"https:\/\/elittesofa.mk\/sq\/wp-json\/wp\/v2\/product"}],"about":[{"href":"https:\/\/elittesofa.mk\/sq\/wp-json\/wp\/v2\/types\/product"}],"wp:featuredmedia":[{"embeddable":true,"href":"https:\/\/elittesofa.mk\/sq\/wp-json\/wp\/v2\/media\/12912"}],"wp:attachment":[{"href":"https:\/\/elittesofa.mk\/sq\/wp-json\/wp\/v2\/media?parent=7270"}],"wp:term":[{"taxonomy":"product_brand","embeddable":true,"href":"https:\/\/elittesofa.mk\/sq\/wp-json\/wp\/v2\/product_brand?post=7270"},{"taxonomy":"product_cat","embeddable":true,"href":"https:\/\/elittesofa.mk\/sq\/wp-json\/wp\/v2\/product_cat?post=7270"},{"taxonomy":"product_tag","embeddable":true,"href":"https:\/\/elittesofa.mk\/sq\/wp-json\/wp\/v2\/product_tag?post=7270"}],"curies":[{"name":"wp","href":"https:\/\/api.w.org\/{rel}","templated":true}]}}